{"id":125364,"date":"2019-02-11T21:50:46","date_gmt":"2019-02-11T20:50:46","guid":{"rendered":"https:\/\/moldbrothers.nl\/?post_type=product&#038;p=125364"},"modified":"2025-12-05T11:20:26","modified_gmt":"2025-12-05T10:20:26","slug":"kreisschablonen","status":"publish","type":"product","link":"https:\/\/mb.moldbrothers.com\/de\/produkt\/kreisschablonen\/","title":{"rendered":"Kreis-Schablonen-Etui"},"content":{"rendered":"","protected":false},"excerpt":{"rendered":"<p>Diese kreisf\u00f6rmige Schablonenh\u00fclle besteht aus 1 mm dicken Acrylplatten und ist die perfekte Unterlage f\u00fcr Ihr Geschirr. Das Circle-Schablonen-Etui enth\u00e4lt:<\/p>\n<p>\u2013 A3-Kreisschablone 2,5 cm \u00f8<br \/>\n\u2013 A3-Kreisschablone 3,5 cm \u00f8<br \/>\n\u2013 A3-Kreisschablone 4,5 cm \u00f8<br \/>\n\u2013 A3-Kreisschablone 5,5 cm \u00f8<br \/>\n\u2013 A3-Kreisschablone 6,5 cm \u00f8<\/p>\n<p>Die Schablone ist <strong>nicht<\/strong> Sp\u00fclmaschinenfest. Wir empfehlen, die Schablone mit lauwarmem Wasser (40\u00b0C) ohne den Einsatz von Reinigungsmitteln abzusp\u00fclen.<\/p>","protected":false},"featured_media":143320,"template":"","meta":{"_seopress_robots_primary_cat":"none","_seopress_titles_title":"","_seopress_titles_desc":"","_seopress_robots_index":""},"product_brand":[],"product_cat":[170,198],"product_tag":[],"class_list":{"0":"post-125364","1":"product","2":"type-product","3":"status-publish","4":"has-post-thumbnail","6":"product_cat-stencils","7":"product_cat-a3-stencils","9":"first","10":"instock","11":"sale","12":"taxable","13":"shipping-taxable","14":"product-type-grouped"},"_links":{"self":[{"href":"https:\/\/mb.moldbrothers.com\/de\/wp-json\/wp\/v2\/product\/125364"}],"collection":[{"href":"https:\/\/mb.moldbrothers.com\/de\/wp-json\/wp\/v2\/product"}],"about":[{"href":"https:\/\/mb.moldbrothers.com\/de\/wp-json\/wp\/v2\/types\/product"}],"wp:featuredmedia":[{"embeddable":true,"href":"https:\/\/mb.moldbrothers.com\/de\/wp-json\/wp\/v2\/media\/143320"}],"wp:attachment":[{"href":"https:\/\/mb.moldbrothers.com\/de\/wp-json\/wp\/v2\/media?parent=125364"}],"wp:term":[{"taxonomy":"product_brand","embeddable":true,"href":"https:\/\/mb.moldbrothers.com\/de\/wp-json\/wp\/v2\/product_brand?post=125364"},{"taxonomy":"product_cat","embeddable":true,"href":"https:\/\/mb.moldbrothers.com\/de\/wp-json\/wp\/v2\/product_cat?post=125364"},{"taxonomy":"product_tag","embeddable":true,"href":"https:\/\/mb.moldbrothers.com\/de\/wp-json\/wp\/v2\/product_tag?post=125364"}],"curies":[{"name":"wp","href":"https:\/\/api.w.org\/{rel}","templated":true}]}}