{"id":162361,"date":"2025-01-01T16:00:00","date_gmt":"2025-01-01T15:00:00","guid":{"rendered":"https:\/\/shop.moldbrothers.com\/?post_type=product&#038;p=162361"},"modified":"2025-12-05T09:35:49","modified_gmt":"2025-12-05T08:35:49","slug":"amuse-base-set","status":"publish","type":"product","link":"https:\/\/mb.moldbrothers.com\/de\/produkt\/amuse-base-set\/","title":{"rendered":"Amuse-Base-Set"},"content":{"rendered":"","protected":false},"excerpt":{"rendered":"<p>Hochwertige Amuse Bases aus Holz. Die drei Sockel sind aus 100% Eichenholz gefertigt.<\/p>\n<p>Die Amuse Bases sind <strong>nicht<\/strong> Sp\u00fclmaschinenfest und sollte unter lauwarmem flie\u00dfendem Wasser abgesp\u00fclt werden.<\/p>","protected":false},"featured_media":162768,"template":"","meta":{"_seopress_robots_primary_cat":"none","_seopress_titles_title":"","_seopress_titles_desc":"","_seopress_robots_index":""},"product_brand":[],"product_cat":[238,184],"product_tag":[829,830,494,550],"class_list":{"0":"post-162361","1":"product","2":"type-product","3":"status-publish","4":"has-post-thumbnail","6":"product_cat-presentables","7":"product_cat-highlighted-products","8":"product_tag-amuse","9":"product_tag-snack","10":"product_tag-spring","11":"product_tag-wood","13":"first","14":"instock","15":"sale","16":"taxable","17":"shipping-taxable","18":"product-type-grouped"},"_links":{"self":[{"href":"https:\/\/mb.moldbrothers.com\/de\/wp-json\/wp\/v2\/product\/162361"}],"collection":[{"href":"https:\/\/mb.moldbrothers.com\/de\/wp-json\/wp\/v2\/product"}],"about":[{"href":"https:\/\/mb.moldbrothers.com\/de\/wp-json\/wp\/v2\/types\/product"}],"wp:featuredmedia":[{"embeddable":true,"href":"https:\/\/mb.moldbrothers.com\/de\/wp-json\/wp\/v2\/media\/162768"}],"wp:attachment":[{"href":"https:\/\/mb.moldbrothers.com\/de\/wp-json\/wp\/v2\/media?parent=162361"}],"wp:term":[{"taxonomy":"product_brand","embeddable":true,"href":"https:\/\/mb.moldbrothers.com\/de\/wp-json\/wp\/v2\/product_brand?post=162361"},{"taxonomy":"product_cat","embeddable":true,"href":"https:\/\/mb.moldbrothers.com\/de\/wp-json\/wp\/v2\/product_cat?post=162361"},{"taxonomy":"product_tag","embeddable":true,"href":"https:\/\/mb.moldbrothers.com\/de\/wp-json\/wp\/v2\/product_tag?post=162361"}],"curies":[{"name":"wp","href":"https:\/\/api.w.org\/{rel}","templated":true}]}}