{"id":165592,"date":"2024-07-03T17:21:52","date_gmt":"2024-07-03T15:21:52","guid":{"rendered":"https:\/\/shop.moldbrothers.com\/?post_type=product&#038;p=165592"},"modified":"2025-12-05T09:47:23","modified_gmt":"2025-12-05T08:47:23","slug":"wooden-potholder","status":"publish","type":"product","link":"https:\/\/mb.moldbrothers.com\/de\/produkt\/wooden-potholder\/","title":{"rendered":"PacoHolder aus Holz"},"content":{"rendered":"","protected":false},"excerpt":{"rendered":"<p>Verbessern Sie das Esserlebnis Ihrer G\u00e4ste mit unserem neuesten hochwertigen Holzhalter f\u00fcr Ihren Eisbeh\u00e4lter aus Metall. Dieser sch\u00f6ne Halter sorgt daf\u00fcr, dass Ihr Serviertisch elegant und organisiert aussieht. Die rutschfeste Einlage sorgt daf\u00fcr, dass der Metallbeh\u00e4lter an seinem Platz bleibt.<\/p>\n<p>Dieser in den Niederlanden handgefertigte Halter aus Eichenholz 100% ist sowohl langlebig als auch stilvoll. Er ist nicht sp\u00fclmaschinenfest; sp\u00fclen Sie ihn einfach unter flie\u00dfendem, lauwarmem Wasser ab, um ihn zu reinigen.<\/p>\n<p>*Der Stahlbecher dient nur zur Veranschaulichung, Sie erhalten nur den Holzhalter.<\/p>","protected":false},"featured_media":165559,"template":"","meta":{"_seopress_robots_primary_cat":"none","_seopress_titles_title":"","_seopress_titles_desc":"","_seopress_robots_index":""},"product_brand":[],"product_cat":[238],"product_tag":[935,936,691,937,934,550,933],"class_list":{"0":"post-165592","1":"product","2":"type-product","3":"status-publish","4":"has-post-thumbnail","6":"product_cat-presentables","7":"product_tag-espuma","8":"product_tag-oak","9":"product_tag-pacojet","10":"product_tag-pacopot","11":"product_tag-syphon","12":"product_tag-wood","13":"product_tag-wooden","15":"first","16":"instock","17":"taxable","18":"shipping-taxable","19":"purchasable","20":"product-type-simple"},"_links":{"self":[{"href":"https:\/\/mb.moldbrothers.com\/de\/wp-json\/wp\/v2\/product\/165592"}],"collection":[{"href":"https:\/\/mb.moldbrothers.com\/de\/wp-json\/wp\/v2\/product"}],"about":[{"href":"https:\/\/mb.moldbrothers.com\/de\/wp-json\/wp\/v2\/types\/product"}],"wp:featuredmedia":[{"embeddable":true,"href":"https:\/\/mb.moldbrothers.com\/de\/wp-json\/wp\/v2\/media\/165559"}],"wp:attachment":[{"href":"https:\/\/mb.moldbrothers.com\/de\/wp-json\/wp\/v2\/media?parent=165592"}],"wp:term":[{"taxonomy":"product_brand","embeddable":true,"href":"https:\/\/mb.moldbrothers.com\/de\/wp-json\/wp\/v2\/product_brand?post=165592"},{"taxonomy":"product_cat","embeddable":true,"href":"https:\/\/mb.moldbrothers.com\/de\/wp-json\/wp\/v2\/product_cat?post=165592"},{"taxonomy":"product_tag","embeddable":true,"href":"https:\/\/mb.moldbrothers.com\/de\/wp-json\/wp\/v2\/product_tag?post=165592"}],"curies":[{"name":"wp","href":"https:\/\/api.w.org\/{rel}","templated":true}]}}