{"id":165593,"date":"2024-07-03T17:21:56","date_gmt":"2024-07-03T15:21:56","guid":{"rendered":"https:\/\/shop.moldbrothers.com\/?post_type=product&#038;p=165593"},"modified":"2025-12-05T09:47:03","modified_gmt":"2025-12-05T08:47:03","slug":"wooden-syphon-holder","status":"publish","type":"product","link":"https:\/\/mb.moldbrothers.com\/de\/produkt\/wooden-syphon-holder\/","title":{"rendered":"Syphon-Halter aus Holz"},"content":{"rendered":"","protected":false},"excerpt":{"rendered":"<p>Verbessern Sie das Esserlebnis Ihrer G\u00e4ste mit unserem neuesten, hochwertigen Holzhalter f\u00fcr Ihren iSi whipper. Dieser sch\u00f6ne Holzhalter sorgt daf\u00fcr, dass Ihr Serviertisch elegant und organisiert aussieht, w\u00e4hrend Sie Ihren iSi Whipper benutzen.<\/p>\n<p>Dieser in den Niederlanden handgefertigte Halter aus Eichenholz 100% ist sowohl langlebig als auch stilvoll. Er ist nicht sp\u00fclmaschinenfest; sp\u00fclen Sie ihn einfach unter flie\u00dfendem, lauwarmem Wasser ab, um ihn zu reinigen.<\/p>","protected":false},"featured_media":165562,"template":"","meta":{"_seopress_robots_primary_cat":"none","_seopress_titles_title":"","_seopress_titles_desc":"","_seopress_robots_index":""},"product_brand":[],"product_cat":[238],"product_tag":[935,936,934,550,933],"class_list":{"0":"post-165593","1":"product","2":"type-product","3":"status-publish","4":"has-post-thumbnail","6":"product_cat-presentables","7":"product_tag-espuma","8":"product_tag-oak","9":"product_tag-syphon","10":"product_tag-wood","11":"product_tag-wooden","13":"first","14":"instock","15":"taxable","16":"shipping-taxable","17":"purchasable","18":"product-type-simple"},"_links":{"self":[{"href":"https:\/\/mb.moldbrothers.com\/de\/wp-json\/wp\/v2\/product\/165593"}],"collection":[{"href":"https:\/\/mb.moldbrothers.com\/de\/wp-json\/wp\/v2\/product"}],"about":[{"href":"https:\/\/mb.moldbrothers.com\/de\/wp-json\/wp\/v2\/types\/product"}],"wp:featuredmedia":[{"embeddable":true,"href":"https:\/\/mb.moldbrothers.com\/de\/wp-json\/wp\/v2\/media\/165562"}],"wp:attachment":[{"href":"https:\/\/mb.moldbrothers.com\/de\/wp-json\/wp\/v2\/media?parent=165593"}],"wp:term":[{"taxonomy":"product_brand","embeddable":true,"href":"https:\/\/mb.moldbrothers.com\/de\/wp-json\/wp\/v2\/product_brand?post=165593"},{"taxonomy":"product_cat","embeddable":true,"href":"https:\/\/mb.moldbrothers.com\/de\/wp-json\/wp\/v2\/product_cat?post=165593"},{"taxonomy":"product_tag","embeddable":true,"href":"https:\/\/mb.moldbrothers.com\/de\/wp-json\/wp\/v2\/product_tag?post=165593"}],"curies":[{"name":"wp","href":"https:\/\/api.w.org\/{rel}","templated":true}]}}