{"id":178424,"date":"2025-02-25T11:15:12","date_gmt":"2025-02-25T10:15:12","guid":{"rendered":"https:\/\/shop.moldbrothers.com\/?post_type=product&#038;p=178424"},"modified":"2025-12-05T09:31:29","modified_gmt":"2025-12-05T08:31:29","slug":"millefeuille-silversil-mold","status":"publish","type":"product","link":"https:\/\/mb.moldbrothers.com\/de\/produkt\/millefeuille-silversil-mold\/","title":{"rendered":"Tausendf\u00fc\u00dfler SilberSil Mold"},"content":{"rendered":"","protected":false},"excerpt":{"rendered":"<p>Eine hochwertige 'SilverSil'-Form zum Herstellen von gewelltem Knuspergeb\u00e4ck, in jeder gew\u00fcnschten Form. Dieses Silikon ist perfekt f\u00fcr die \u00dcbertragung von W\u00e4rme, was zu einem noch besseren Backergebnis f\u00fchrt. Diese Form ist aus lebensmittelechtem Silikon 100% hergestellt und ist das ideale Backwerkzeug f\u00fcr diese gewellten Chips f\u00fcr die n\u00e4chsten Jahre - denn dieses Produkt h\u00e4lt sehr lange!<\/p>\n<p>Diese Form kann Temperaturen von -40\u00b0C bis +250\u00b0C standhalten und eignet sich daher sowohl f\u00fcr den Einsatz in (Schock-)Gefrierschr\u00e4nken als auch in \u00d6fen.<\/p>","protected":false},"featured_media":178358,"template":"","meta":{"_seopress_robots_primary_cat":"none","_seopress_titles_title":"","_seopress_titles_desc":"","_seopress_robots_index":""},"product_brand":[],"product_cat":[159,193,184],"product_tag":[],"class_list":{"0":"post-178424","1":"product","2":"type-product","3":"status-publish","4":"has-post-thumbnail","6":"product_cat-3dmolds","7":"product_cat-essentials","8":"product_cat-highlighted-products","10":"first","11":"instock","12":"taxable","13":"shipping-taxable","14":"purchasable","15":"product-type-simple"},"_links":{"self":[{"href":"https:\/\/mb.moldbrothers.com\/de\/wp-json\/wp\/v2\/product\/178424"}],"collection":[{"href":"https:\/\/mb.moldbrothers.com\/de\/wp-json\/wp\/v2\/product"}],"about":[{"href":"https:\/\/mb.moldbrothers.com\/de\/wp-json\/wp\/v2\/types\/product"}],"wp:featuredmedia":[{"embeddable":true,"href":"https:\/\/mb.moldbrothers.com\/de\/wp-json\/wp\/v2\/media\/178358"}],"wp:attachment":[{"href":"https:\/\/mb.moldbrothers.com\/de\/wp-json\/wp\/v2\/media?parent=178424"}],"wp:term":[{"taxonomy":"product_brand","embeddable":true,"href":"https:\/\/mb.moldbrothers.com\/de\/wp-json\/wp\/v2\/product_brand?post=178424"},{"taxonomy":"product_cat","embeddable":true,"href":"https:\/\/mb.moldbrothers.com\/de\/wp-json\/wp\/v2\/product_cat?post=178424"},{"taxonomy":"product_tag","embeddable":true,"href":"https:\/\/mb.moldbrothers.com\/de\/wp-json\/wp\/v2\/product_tag?post=178424"}],"curies":[{"name":"wp","href":"https:\/\/api.w.org\/{rel}","templated":true}]}}