{"id":179030,"date":"2025-03-01T12:34:00","date_gmt":"2025-03-01T11:34:00","guid":{"rendered":"https:\/\/shop.moldbrothers.com\/?post_type=product&#038;p=179030"},"modified":"2025-12-05T09:15:37","modified_gmt":"2025-12-05T08:15:37","slug":"rolling-cylinders","status":"publish","type":"product","link":"https:\/\/mb.moldbrothers.com\/de\/produkt\/rolling-cylinders\/","title":{"rendered":"Rollende Walzen"},"content":{"rendered":"","protected":false},"excerpt":{"rendered":"<p>Ein hochwertiger 'Rolling Cylinder' aus Edelstahl. Diese Zylinder sind in verschiedenen Gr\u00f6\u00dfen erh\u00e4ltlich: 1,8, 2,8 und 3,8 cm Durchmesser! Dieses in den Niederlanden hergestellte Produkt ist lebensmittelecht und h\u00e4lt sowohl niedrigen als auch extrem hohen Temperaturen stand, sodass es bei Bedarf auch im Ofen oder in der Pfanne verwendet werden kann.<\/p>","protected":false},"featured_media":179040,"template":"","meta":{"_seopress_robots_primary_cat":"none","_seopress_titles_title":"","_seopress_titles_desc":"","_seopress_robots_index":""},"product_brand":[],"product_cat":[192],"product_tag":[],"class_list":{"0":"post-179030","1":"product","2":"type-product","3":"status-publish","4":"has-post-thumbnail","6":"product_cat-kitchen-essentials","8":"first","9":"instock","10":"taxable","11":"shipping-taxable","12":"product-type-grouped"},"_links":{"self":[{"href":"https:\/\/mb.moldbrothers.com\/de\/wp-json\/wp\/v2\/product\/179030"}],"collection":[{"href":"https:\/\/mb.moldbrothers.com\/de\/wp-json\/wp\/v2\/product"}],"about":[{"href":"https:\/\/mb.moldbrothers.com\/de\/wp-json\/wp\/v2\/types\/product"}],"wp:featuredmedia":[{"embeddable":true,"href":"https:\/\/mb.moldbrothers.com\/de\/wp-json\/wp\/v2\/media\/179040"}],"wp:attachment":[{"href":"https:\/\/mb.moldbrothers.com\/de\/wp-json\/wp\/v2\/media?parent=179030"}],"wp:term":[{"taxonomy":"product_brand","embeddable":true,"href":"https:\/\/mb.moldbrothers.com\/de\/wp-json\/wp\/v2\/product_brand?post=179030"},{"taxonomy":"product_cat","embeddable":true,"href":"https:\/\/mb.moldbrothers.com\/de\/wp-json\/wp\/v2\/product_cat?post=179030"},{"taxonomy":"product_tag","embeddable":true,"href":"https:\/\/mb.moldbrothers.com\/de\/wp-json\/wp\/v2\/product_tag?post=179030"}],"curies":[{"name":"wp","href":"https:\/\/api.w.org\/{rel}","templated":true}]}}