{"id":180817,"date":"2025-04-03T12:56:29","date_gmt":"2025-04-03T10:56:29","guid":{"rendered":"https:\/\/mb.moldbrothers.com\/?post_type=product&#038;p=180817"},"modified":"2025-12-05T09:10:30","modified_gmt":"2025-12-05T08:10:30","slug":"merry-christmas-mold","status":"publish","type":"product","link":"https:\/\/mb.moldbrothers.com\/de\/produkt\/merry-christmas-mold\/","title":{"rendered":"Bonvoy Frohe Weihnachten Mold"},"content":{"rendered":"","protected":false},"excerpt":{"rendered":"<p>Eine hochwertige, speziell f\u00fcr Marriott Bonvoy angefertigte Silikonform - perfekt, um Ihren G\u00e4sten w\u00e4hrend ihres Aufenthalts frohe Weihnachten zu w\u00fcnschen. Hergestellt aus lebensmittelechtem Silikon 100%.<\/p>\n<p>Es kann Temperaturen von -40\u00b0C bis +200\u00b0C standhalten und ist damit sowohl f\u00fcr den Einsatz in (Schock-)Gefrierschr\u00e4nken als auch in \u00d6fen geeignet.<\/p>","protected":false},"featured_media":180829,"template":"","meta":{"_seopress_robots_primary_cat":"none","_seopress_titles_title":"","_seopress_titles_desc":"","_seopress_robots_index":""},"product_brand":[],"product_cat":[910,184],"product_tag":[],"class_list":{"0":"post-180817","1":"product","2":"type-product","3":"status-publish","4":"has-post-thumbnail","6":"product_cat-marriott-specials","7":"product_cat-highlighted-products","9":"first","10":"instock","11":"taxable","12":"shipping-taxable","13":"purchasable","14":"product-type-simple"},"_links":{"self":[{"href":"https:\/\/mb.moldbrothers.com\/de\/wp-json\/wp\/v2\/product\/180817"}],"collection":[{"href":"https:\/\/mb.moldbrothers.com\/de\/wp-json\/wp\/v2\/product"}],"about":[{"href":"https:\/\/mb.moldbrothers.com\/de\/wp-json\/wp\/v2\/types\/product"}],"wp:featuredmedia":[{"embeddable":true,"href":"https:\/\/mb.moldbrothers.com\/de\/wp-json\/wp\/v2\/media\/180829"}],"wp:attachment":[{"href":"https:\/\/mb.moldbrothers.com\/de\/wp-json\/wp\/v2\/media?parent=180817"}],"wp:term":[{"taxonomy":"product_brand","embeddable":true,"href":"https:\/\/mb.moldbrothers.com\/de\/wp-json\/wp\/v2\/product_brand?post=180817"},{"taxonomy":"product_cat","embeddable":true,"href":"https:\/\/mb.moldbrothers.com\/de\/wp-json\/wp\/v2\/product_cat?post=180817"},{"taxonomy":"product_tag","embeddable":true,"href":"https:\/\/mb.moldbrothers.com\/de\/wp-json\/wp\/v2\/product_tag?post=180817"}],"curies":[{"name":"wp","href":"https:\/\/api.w.org\/{rel}","templated":true}]}}