{"id":180922,"date":"2025-11-26T06:10:00","date_gmt":"2025-11-26T05:10:00","guid":{"rendered":"https:\/\/mb.moldbrothers.com\/?post_type=product&#038;p=180922"},"modified":"2025-12-05T08:21:20","modified_gmt":"2025-12-05T07:21:20","slug":"logo-tuille-mold-the-ritz-carlton","status":"publish","type":"product","link":"https:\/\/mb.moldbrothers.com\/de\/produkt\/logo-tuille-mold-the-ritz-carlton\/","title":{"rendered":"Logo Tuille Mold - Das Ritz-Carlton"},"content":{"rendered":"","protected":false},"excerpt":{"rendered":"<p>Diese handgefertigte, zarte und doch k\u00fchne Tuille ist im ikonischen Ritz-Carlton-L\u00f6wen geformt und verwandelt ein einfaches Amusebouche in ein Kunstwerk. Die knusprige und goldene Tuille ist sowohl ein visuelles Statement als auch ein raffiniertes Gef\u00e4\u00df, das die Aromen des Sandwichs elegant umschlie\u00dft.<\/p>","protected":false},"featured_media":180943,"template":"","meta":{"_seopress_robots_primary_cat":"none","_seopress_titles_title":"","_seopress_titles_desc":"","_seopress_robots_index":""},"product_brand":[],"product_cat":[910],"product_tag":[],"class_list":{"0":"post-180922","1":"product","2":"type-product","3":"status-publish","4":"has-post-thumbnail","6":"product_cat-marriott-specials","8":"first","9":"instock","10":"taxable","11":"shipping-taxable","12":"purchasable","13":"product-type-simple"},"_links":{"self":[{"href":"https:\/\/mb.moldbrothers.com\/de\/wp-json\/wp\/v2\/product\/180922"}],"collection":[{"href":"https:\/\/mb.moldbrothers.com\/de\/wp-json\/wp\/v2\/product"}],"about":[{"href":"https:\/\/mb.moldbrothers.com\/de\/wp-json\/wp\/v2\/types\/product"}],"wp:featuredmedia":[{"embeddable":true,"href":"https:\/\/mb.moldbrothers.com\/de\/wp-json\/wp\/v2\/media\/180943"}],"wp:attachment":[{"href":"https:\/\/mb.moldbrothers.com\/de\/wp-json\/wp\/v2\/media?parent=180922"}],"wp:term":[{"taxonomy":"product_brand","embeddable":true,"href":"https:\/\/mb.moldbrothers.com\/de\/wp-json\/wp\/v2\/product_brand?post=180922"},{"taxonomy":"product_cat","embeddable":true,"href":"https:\/\/mb.moldbrothers.com\/de\/wp-json\/wp\/v2\/product_cat?post=180922"},{"taxonomy":"product_tag","embeddable":true,"href":"https:\/\/mb.moldbrothers.com\/de\/wp-json\/wp\/v2\/product_tag?post=180922"}],"curies":[{"name":"wp","href":"https:\/\/api.w.org\/{rel}","templated":true}]}}