{"id":180933,"date":"2025-11-26T07:57:22","date_gmt":"2025-11-26T06:57:22","guid":{"rendered":"https:\/\/mb.moldbrothers.com\/?post_type=product&#038;p=180933"},"modified":"2025-12-03T15:08:21","modified_gmt":"2025-12-03T14:08:21","slug":"coffee-stencil-the-ritz-carlton","status":"publish","type":"product","link":"https:\/\/mb.moldbrothers.com\/de\/produkt\/coffee-stencil-the-ritz-carlton\/","title":{"rendered":"Kaffee-Schablone - The Ritz-Carlton"},"content":{"rendered":"","protected":false},"excerpt":{"rendered":"<p>Ein Espresso-Martini mit einem Hauch von Kakao oder ein Teller mit einem Hauch von Puderzucker. Unsere individuelle Logoschablone wurde entwickelt, um den letzten Schliff in durchdachte, markenbezogene Verzierungen zu verwandeln. Bei jedem Cocktail oder Dessert bietet sie K\u00f6chen und Barkeepern ein neues Medium f\u00fcr ihre Kreativit\u00e4t.<\/p>","protected":false},"featured_media":181051,"template":"","meta":{"_seopress_robots_primary_cat":"none","_seopress_titles_title":"","_seopress_titles_desc":"","_seopress_robots_index":""},"product_brand":[],"product_cat":[910],"product_tag":[],"class_list":{"0":"post-180933","1":"product","2":"type-product","3":"status-publish","4":"has-post-thumbnail","6":"product_cat-marriott-specials","8":"first","9":"instock","10":"taxable","11":"shipping-taxable","12":"purchasable","13":"product-type-simple"},"_links":{"self":[{"href":"https:\/\/mb.moldbrothers.com\/de\/wp-json\/wp\/v2\/product\/180933"}],"collection":[{"href":"https:\/\/mb.moldbrothers.com\/de\/wp-json\/wp\/v2\/product"}],"about":[{"href":"https:\/\/mb.moldbrothers.com\/de\/wp-json\/wp\/v2\/types\/product"}],"wp:featuredmedia":[{"embeddable":true,"href":"https:\/\/mb.moldbrothers.com\/de\/wp-json\/wp\/v2\/media\/181051"}],"wp:attachment":[{"href":"https:\/\/mb.moldbrothers.com\/de\/wp-json\/wp\/v2\/media?parent=180933"}],"wp:term":[{"taxonomy":"product_brand","embeddable":true,"href":"https:\/\/mb.moldbrothers.com\/de\/wp-json\/wp\/v2\/product_brand?post=180933"},{"taxonomy":"product_cat","embeddable":true,"href":"https:\/\/mb.moldbrothers.com\/de\/wp-json\/wp\/v2\/product_cat?post=180933"},{"taxonomy":"product_tag","embeddable":true,"href":"https:\/\/mb.moldbrothers.com\/de\/wp-json\/wp\/v2\/product_tag?post=180933"}],"curies":[{"name":"wp","href":"https:\/\/api.w.org\/{rel}","templated":true}]}}