{"id":180936,"date":"2025-11-26T08:03:43","date_gmt":"2025-11-26T07:03:43","guid":{"rendered":"https:\/\/mb.moldbrothers.com\/?post_type=product&#038;p=180936"},"modified":"2025-12-03T15:00:20","modified_gmt":"2025-12-03T14:00:20","slug":"chocolate-bar-mold-st-regis","status":"publish","type":"product","link":"https:\/\/mb.moldbrothers.com\/de\/produkt\/chocolate-bar-mold-st-regis\/","title":{"rendered":"Schokoladenbar Mold - St. Regis"},"content":{"rendered":"","protected":false},"excerpt":{"rendered":"<p>Die Chocolate Bar erhebt das St. Regis zu einem Sinnbild der Raffinesse: ein sorgf\u00e4ltig gepr\u00e4gtes Muster, reiche Texturen und ein elegantes Gleichgewicht zwischen Tradition und Modernit\u00e4t. Jedes Detail, vom geometrischen Rhythmus bis zum zentralen Monogramm, vermittelt Raffinesse und Exklusivit\u00e4t<\/p>","protected":false},"featured_media":180993,"template":"","meta":{"_seopress_robots_primary_cat":"none","_seopress_titles_title":"","_seopress_titles_desc":"","_seopress_robots_index":""},"product_brand":[],"product_cat":[910],"product_tag":[],"class_list":{"0":"post-180936","1":"product","2":"type-product","3":"status-publish","4":"has-post-thumbnail","6":"product_cat-marriott-specials","8":"first","9":"instock","10":"taxable","11":"shipping-taxable","12":"purchasable","13":"product-type-simple"},"_links":{"self":[{"href":"https:\/\/mb.moldbrothers.com\/de\/wp-json\/wp\/v2\/product\/180936"}],"collection":[{"href":"https:\/\/mb.moldbrothers.com\/de\/wp-json\/wp\/v2\/product"}],"about":[{"href":"https:\/\/mb.moldbrothers.com\/de\/wp-json\/wp\/v2\/types\/product"}],"wp:featuredmedia":[{"embeddable":true,"href":"https:\/\/mb.moldbrothers.com\/de\/wp-json\/wp\/v2\/media\/180993"}],"wp:attachment":[{"href":"https:\/\/mb.moldbrothers.com\/de\/wp-json\/wp\/v2\/media?parent=180936"}],"wp:term":[{"taxonomy":"product_brand","embeddable":true,"href":"https:\/\/mb.moldbrothers.com\/de\/wp-json\/wp\/v2\/product_brand?post=180936"},{"taxonomy":"product_cat","embeddable":true,"href":"https:\/\/mb.moldbrothers.com\/de\/wp-json\/wp\/v2\/product_cat?post=180936"},{"taxonomy":"product_tag","embeddable":true,"href":"https:\/\/mb.moldbrothers.com\/de\/wp-json\/wp\/v2\/product_tag?post=180936"}],"curies":[{"name":"wp","href":"https:\/\/api.w.org\/{rel}","templated":true}]}}