{"id":181068,"date":"2025-09-24T08:24:00","date_gmt":"2025-09-24T06:24:00","guid":{"rendered":"https:\/\/mb.moldbrothers.com\/?post_type=product&#038;p=181068"},"modified":"2025-12-05T08:25:01","modified_gmt":"2025-12-05T07:25:01","slug":"terrine-lineaire-x-alex-dilling","status":"publish","type":"product","link":"https:\/\/mb.moldbrothers.com\/de\/produkt\/terrine-lineaire-x-alex-dilling\/","title":{"rendered":"Terrine Lin\u00e9aire X Alex Dilling"},"content":{"rendered":"<div class=\"wp-block-columns is-layout-flex wp-container-core-columns-is-layout-1 wp-block-columns-is-layout-flex\"><div class=\"wp-block-column is-vertically-aligned-center is-layout-flow wp-block-column-is-layout-flow\" style=\"flex-basis:50%\"><div class=\"wp-block-image\"><figure class=\"alignright size-full\"><img loading=\"lazy\" decoding=\"async\" width=\"800\" height=\"555\" src=\"https:\/\/shop.moldbrothers.com\/wp-content\/uploads\/2023\/11\/WhatsApp-Image-2023-11-09-at-16.15.21-edited-1-1.jpeg\" alt=\"\" class=\"wp-image-153455\" style=\"object-fit:cover\" srcset=\"https:\/\/mb.moldbrothers.com\/wp-content\/uploads\/2023\/11\/WhatsApp-Image-2023-11-09-at-16.15.21-edited-1-1.jpeg 800w, https:\/\/mb.moldbrothers.com\/wp-content\/uploads\/2023\/11\/WhatsApp-Image-2023-11-09-at-16.15.21-edited-1-1-768x533.jpeg 768w, https:\/\/mb.moldbrothers.com\/wp-content\/uploads\/2023\/11\/WhatsApp-Image-2023-11-09-at-16.15.21-edited-1-1-18x12.jpeg 18w\" sizes=\"(max-width: 800px) 100vw, 800px\" \/><\/figure><\/div><\/div>\n\n<div class=\"wp-block-column is-layout-flow wp-block-column-is-layout-flow\" style=\"flex-basis:35.09%\"><h6 class=\"wp-block-heading\">Zusammenarbeit<\/h6>\n\n<h2 class=\"wp-block-heading\">\u00dcber den Chefkoch<\/h2>\n\n<p>K\u00fcchenchef Alex Dilling, der fr\u00fcher im The Greenhouse** in London t\u00e4tig war, bringt sein kulinarisches K\u00f6nnen nun in das Hotel Caf\u00e9 Royal ein und bietet ein intimes Fine-Dining-Erlebnis. Weithin bekannt f\u00fcr seine technischen F\u00e4higkeiten, setzt Alex seine kreative Reise mit uns nach dem Erfolg des '<a href=\"https:\/\/shop.moldbrothers.com\/?sProd=alex+dilling&amp;page=1\" data-type=\"link\" data-id=\"https:\/\/shop.moldbrothers.com\/?sProd=alex+dilling&amp;page=1\">J\u00e4gerhuhn<\/a>' Schimmel.<\/p>\n\n<p>Die Einf\u00fchrung dieser <strong>Terrine Lin\u00e9aire<\/strong> Mold. Kompakt und vielseitig, perfekt f\u00fcr warme und kalte Zubereitungen. Ideal f\u00fcr Veranstaltungen und Bankette, liefert gleichm\u00e4\u00dfige Portionen mit endlosen M\u00f6glichkeiten.<\/p>\n\n<div class=\"wp-block-image\"><figure class=\"alignleft size-full is-resized\"><img loading=\"lazy\" decoding=\"async\" width=\"856\" height=\"857\" src=\"https:\/\/shop.moldbrothers.com\/wp-content\/uploads\/2022\/02\/ad-logo.jpeg\" alt=\"\" class=\"wp-image-124029\" style=\"aspect-ratio:0.9988331388564761;width:164px;height:auto\" srcset=\"https:\/\/mb.moldbrothers.com\/wp-content\/uploads\/2022\/02\/ad-logo.jpeg 856w, https:\/\/mb.moldbrothers.com\/wp-content\/uploads\/2022\/02\/ad-logo-100x100.jpeg 100w, https:\/\/mb.moldbrothers.com\/wp-content\/uploads\/2022\/02\/ad-logo-600x601.jpeg 600w, https:\/\/mb.moldbrothers.com\/wp-content\/uploads\/2022\/02\/ad-logo-150x150.jpeg 150w, https:\/\/mb.moldbrothers.com\/wp-content\/uploads\/2022\/02\/ad-logo-12x12.jpeg 12w\" sizes=\"(max-width: 856px) 100vw, 856px\" \/><\/figure><\/div><\/div><\/div><p><\/p>","protected":false},"excerpt":{"rendered":"<p>Eine hochwertige Silikonform in Form eines gedrehten Zylinders, entworfen von Alex Dilling**. Die Form hat eine gro\u00dfe Form (f\u00fcr 8 Personen) und ist aus lebensmittelechtem Silikon 100% hergestellt. Sie ist temperaturbest\u00e4ndig von -40\u00b0C bis +200\u00b0C und eignet sich daher sowohl f\u00fcr den Einsatz im (Schock-)Gefrierschrank als auch im Backofen.<\/p>\n<p><em>*Zus\u00e4tzlich erhalten Sie eine vierseitige Rezeptkarte von K\u00fcchenchef Alex Dilling mit der Anleitung f\u00fcr seine \"H\u00fchner- und Taubenterrine mit Foie Gras, schwarzem Tr\u00fcffel und Consomm\u00e9-Glasur\".<\/em><\/p>","protected":false},"featured_media":181069,"template":"","meta":{"_seopress_robots_primary_cat":"","_seopress_titles_title":"","_seopress_titles_desc":"","_seopress_robots_index":""},"product_brand":[],"product_cat":[],"product_tag":[],"class_list":{"0":"post-181068","1":"product","2":"type-product","3":"status-publish","4":"has-post-thumbnail","7":"first","8":"instock","9":"taxable","10":"shipping-taxable","11":"purchasable","12":"product-type-simple"},"_links":{"self":[{"href":"https:\/\/mb.moldbrothers.com\/de\/wp-json\/wp\/v2\/product\/181068"}],"collection":[{"href":"https:\/\/mb.moldbrothers.com\/de\/wp-json\/wp\/v2\/product"}],"about":[{"href":"https:\/\/mb.moldbrothers.com\/de\/wp-json\/wp\/v2\/types\/product"}],"wp:featuredmedia":[{"embeddable":true,"href":"https:\/\/mb.moldbrothers.com\/de\/wp-json\/wp\/v2\/media\/181069"}],"wp:attachment":[{"href":"https:\/\/mb.moldbrothers.com\/de\/wp-json\/wp\/v2\/media?parent=181068"}],"wp:term":[{"taxonomy":"product_brand","embeddable":true,"href":"https:\/\/mb.moldbrothers.com\/de\/wp-json\/wp\/v2\/product_brand?post=181068"},{"taxonomy":"product_cat","embeddable":true,"href":"https:\/\/mb.moldbrothers.com\/de\/wp-json\/wp\/v2\/product_cat?post=181068"},{"taxonomy":"product_tag","embeddable":true,"href":"https:\/\/mb.moldbrothers.com\/de\/wp-json\/wp\/v2\/product_tag?post=181068"}],"curies":[{"name":"wp","href":"https:\/\/api.w.org\/{rel}","templated":true}]}}