{"id":181075,"date":"2025-09-15T02:06:00","date_gmt":"2025-09-15T00:06:00","guid":{"rendered":"https:\/\/mb.moldbrothers.com\/?post_type=product&#038;p=181075"},"modified":"2025-12-05T08:25:20","modified_gmt":"2025-12-05T07:25:20","slug":"bunuelos-pretzel","status":"publish","type":"product","link":"https:\/\/mb.moldbrothers.com\/de\/produkt\/bunuelos-pretzel\/","title":{"rendered":"Bu\u00f1uelos-Brezel"},"content":{"rendered":"","protected":false},"excerpt":{"rendered":"<p data-pm-slice=\"0 0 []\">Dieser hochwertige Bu\u00f1uelos-Stempel aus Aluminium in Form einer klassischen Brezel eignet sich sowohl f\u00fcr warme als auch f\u00fcr kalte Zubereitungen. Er ist perfekt f\u00fcr die Herstellung von knusprigen Teigt\u00f6rtchen, die anschlie\u00dfend gef\u00fcllt werden k\u00f6nnen, und bietet Ihnen eine einzigartige M\u00f6glichkeit, Snacks zu kreieren, an die sich Ihre G\u00e4ste erinnern werden.<\/p>","protected":false},"featured_media":181079,"template":"","meta":{"_seopress_robots_primary_cat":"","_seopress_titles_title":"","_seopress_titles_desc":"","_seopress_robots_index":""},"product_brand":[],"product_cat":[],"product_tag":[],"class_list":{"0":"post-181075","1":"product","2":"type-product","3":"status-publish","4":"has-post-thumbnail","7":"first","8":"instock","9":"taxable","10":"shipping-taxable","11":"purchasable","12":"product-type-simple"},"_links":{"self":[{"href":"https:\/\/mb.moldbrothers.com\/de\/wp-json\/wp\/v2\/product\/181075"}],"collection":[{"href":"https:\/\/mb.moldbrothers.com\/de\/wp-json\/wp\/v2\/product"}],"about":[{"href":"https:\/\/mb.moldbrothers.com\/de\/wp-json\/wp\/v2\/types\/product"}],"wp:featuredmedia":[{"embeddable":true,"href":"https:\/\/mb.moldbrothers.com\/de\/wp-json\/wp\/v2\/media\/181079"}],"wp:attachment":[{"href":"https:\/\/mb.moldbrothers.com\/de\/wp-json\/wp\/v2\/media?parent=181075"}],"wp:term":[{"taxonomy":"product_brand","embeddable":true,"href":"https:\/\/mb.moldbrothers.com\/de\/wp-json\/wp\/v2\/product_brand?post=181075"},{"taxonomy":"product_cat","embeddable":true,"href":"https:\/\/mb.moldbrothers.com\/de\/wp-json\/wp\/v2\/product_cat?post=181075"},{"taxonomy":"product_tag","embeddable":true,"href":"https:\/\/mb.moldbrothers.com\/de\/wp-json\/wp\/v2\/product_tag?post=181075"}],"curies":[{"name":"wp","href":"https:\/\/api.w.org\/{rel}","templated":true}]}}