{"id":181091,"date":"2025-08-21T05:16:00","date_gmt":"2025-08-21T03:16:00","guid":{"rendered":"https:\/\/mb.moldbrothers.com\/?post_type=product&#038;p=181091"},"modified":"2025-12-05T08:26:17","modified_gmt":"2025-12-05T07:26:17","slug":"realistic-blackberry-mold","status":"publish","type":"product","link":"https:\/\/mb.moldbrothers.com\/de\/produkt\/realistic-blackberry-mold\/","title":{"rendered":"Realistisches Blackberry Mold"},"content":{"rendered":"","protected":false},"excerpt":{"rendered":"<p>Mit dieser hochwertigen Silikonform lassen sich ultra-realistische Brombeeren herstellen, die wie frisch gepfl\u00fcckt aussehen. Sie verf\u00fcgt \u00fcber 18 Vertiefungen (in drei Varianten) und ist aus lebensmittelechtem Silikon 100% hergestellt. Die Form ist temperaturbest\u00e4ndig von -40\u00b0C bis +200\u00b0C und damit sowohl f\u00fcr den (Schock-)Gefrierschrank als auch f\u00fcr den Backofen geeignet.<\/p>","protected":false},"featured_media":181092,"template":"","meta":{"_seopress_robots_primary_cat":"","_seopress_titles_title":"","_seopress_titles_desc":"","_seopress_robots_index":""},"product_brand":[],"product_cat":[],"product_tag":[],"class_list":{"0":"post-181091","1":"product","2":"type-product","3":"status-publish","4":"has-post-thumbnail","7":"first","8":"instock","9":"taxable","10":"shipping-taxable","11":"purchasable","12":"product-type-simple"},"_links":{"self":[{"href":"https:\/\/mb.moldbrothers.com\/de\/wp-json\/wp\/v2\/product\/181091"}],"collection":[{"href":"https:\/\/mb.moldbrothers.com\/de\/wp-json\/wp\/v2\/product"}],"about":[{"href":"https:\/\/mb.moldbrothers.com\/de\/wp-json\/wp\/v2\/types\/product"}],"wp:featuredmedia":[{"embeddable":true,"href":"https:\/\/mb.moldbrothers.com\/de\/wp-json\/wp\/v2\/media\/181092"}],"wp:attachment":[{"href":"https:\/\/mb.moldbrothers.com\/de\/wp-json\/wp\/v2\/media?parent=181091"}],"wp:term":[{"taxonomy":"product_brand","embeddable":true,"href":"https:\/\/mb.moldbrothers.com\/de\/wp-json\/wp\/v2\/product_brand?post=181091"},{"taxonomy":"product_cat","embeddable":true,"href":"https:\/\/mb.moldbrothers.com\/de\/wp-json\/wp\/v2\/product_cat?post=181091"},{"taxonomy":"product_tag","embeddable":true,"href":"https:\/\/mb.moldbrothers.com\/de\/wp-json\/wp\/v2\/product_tag?post=181091"}],"curies":[{"name":"wp","href":"https:\/\/api.w.org\/{rel}","templated":true}]}}