{"id":74057,"date":"2019-07-04T17:01:11","date_gmt":"2019-07-04T15:01:11","guid":{"rendered":"https:\/\/moldbrothers.nl\/?post_type=product&#038;p=74057"},"modified":"2025-12-05T11:16:02","modified_gmt":"2025-12-05T10:16:02","slug":"moldbrothers-puncher-set","status":"publish","type":"product","link":"https:\/\/mb.moldbrothers.com\/de\/produkt\/moldbrothers-puncher-set\/","title":{"rendered":"Locherset - Original"},"content":{"rendered":"","protected":false},"excerpt":{"rendered":"<p>Hochwertige Edelstahl-Rundlocher, 6 St\u00fcck, von 1 bis 6 cm. Gefertigt aus massivem Edelstahl - diese Stanzer sind rostfrei, bleiben jahrelang scharf und verbiegen sich nicht. Erleben Sie Pr\u00e4zision und Langlebigkeit - w\u00e4hlen Sie Spitzenqualit\u00e4t f\u00fcr alle Ihre kulinarischen Projekte.<\/p>","protected":false},"featured_media":157040,"template":"","meta":{"_seopress_robots_primary_cat":"none","_seopress_titles_title":"","_seopress_titles_desc":"","_seopress_robots_index":""},"product_brand":[],"product_cat":[192,231],"product_tag":[],"class_list":{"0":"post-74057","1":"product","2":"type-product","3":"status-publish","4":"has-post-thumbnail","6":"product_cat-kitchen-essentials","7":"product_cat-hidden","9":"first","10":"instock","11":"taxable","12":"shipping-taxable","13":"purchasable","14":"product-type-simple"},"_links":{"self":[{"href":"https:\/\/mb.moldbrothers.com\/de\/wp-json\/wp\/v2\/product\/74057"}],"collection":[{"href":"https:\/\/mb.moldbrothers.com\/de\/wp-json\/wp\/v2\/product"}],"about":[{"href":"https:\/\/mb.moldbrothers.com\/de\/wp-json\/wp\/v2\/types\/product"}],"wp:featuredmedia":[{"embeddable":true,"href":"https:\/\/mb.moldbrothers.com\/de\/wp-json\/wp\/v2\/media\/157040"}],"wp:attachment":[{"href":"https:\/\/mb.moldbrothers.com\/de\/wp-json\/wp\/v2\/media?parent=74057"}],"wp:term":[{"taxonomy":"product_brand","embeddable":true,"href":"https:\/\/mb.moldbrothers.com\/de\/wp-json\/wp\/v2\/product_brand?post=74057"},{"taxonomy":"product_cat","embeddable":true,"href":"https:\/\/mb.moldbrothers.com\/de\/wp-json\/wp\/v2\/product_cat?post=74057"},{"taxonomy":"product_tag","embeddable":true,"href":"https:\/\/mb.moldbrothers.com\/de\/wp-json\/wp\/v2\/product_tag?post=74057"}],"curies":[{"name":"wp","href":"https:\/\/api.w.org\/{rel}","templated":true}]}}