{"id":88125,"date":"2025-03-01T12:02:00","date_gmt":"2025-03-01T11:02:00","guid":{"rendered":"https:\/\/moldbrothers.nl\/?post_type=product&#038;p=88125"},"modified":"2026-01-07T16:13:07","modified_gmt":"2026-01-07T15:13:07","slug":"kuchen-tee-stempel-gros","status":"publish","type":"product","link":"https:\/\/mb.moldbrothers.com\/de\/produkt\/kuchen-tee-stempel-gros\/","title":{"rendered":"Pie Tee Stempel gro\u00df"},"content":{"rendered":"","protected":false},"excerpt":{"rendered":"<p>Ein hochwertiger Aluminiumstempel in Form eines T\u00f6rtchens. Dieser Aluminiumstempel eignet sich sowohl f\u00fcr hei\u00dfe als auch f\u00fcr kalte Zubereitungen. Mit dieser Form lassen sich knusprige Teig-Tartlettes herstellen, die anschlie\u00dfend gef\u00fcllt werden k\u00f6nnen.<\/p>","protected":false},"featured_media":127226,"template":"","meta":{"_seopress_robots_primary_cat":"none","_seopress_titles_title":"","_seopress_titles_desc":"","_seopress_robots_index":""},"product_brand":[],"product_cat":[362],"product_tag":[507,1027,508,523,602,1023,912,1022,1026,1025,595,1018,599,1019,1020,639,1024,596,757,1021,598,597],"class_list":{"0":"post-88125","1":"product","2":"type-product","3":"status-publish","4":"has-post-thumbnail","6":"product_cat-bunuelos-pie-tee","7":"product_tag-batter","8":"product_tag-beignets","9":"product_tag-beslag","10":"product_tag-bloem","11":"product_tag-bunuelos","12":"product_tag-crisp","13":"product_tag-croustade","14":"product_tag-crust","15":"product_tag-fried","16":"product_tag-fritters","17":"product_tag-fry","18":"product_tag-iron","19":"product_tag-oil","20":"product_tag-pee-tee","21":"product_tag-pie","22":"product_tag-rosette","23":"product_tag-shell","24":"product_tag-stamp","25":"product_tag-tart","26":"product_tag-tie","27":"product_tag-tool","28":"product_tag-tools","30":"first","31":"instock","32":"sale","33":"taxable","34":"shipping-taxable","35":"purchasable","36":"product-type-simple"},"_links":{"self":[{"href":"https:\/\/mb.moldbrothers.com\/de\/wp-json\/wp\/v2\/product\/88125"}],"collection":[{"href":"https:\/\/mb.moldbrothers.com\/de\/wp-json\/wp\/v2\/product"}],"about":[{"href":"https:\/\/mb.moldbrothers.com\/de\/wp-json\/wp\/v2\/types\/product"}],"wp:featuredmedia":[{"embeddable":true,"href":"https:\/\/mb.moldbrothers.com\/de\/wp-json\/wp\/v2\/media\/127226"}],"wp:attachment":[{"href":"https:\/\/mb.moldbrothers.com\/de\/wp-json\/wp\/v2\/media?parent=88125"}],"wp:term":[{"taxonomy":"product_brand","embeddable":true,"href":"https:\/\/mb.moldbrothers.com\/de\/wp-json\/wp\/v2\/product_brand?post=88125"},{"taxonomy":"product_cat","embeddable":true,"href":"https:\/\/mb.moldbrothers.com\/de\/wp-json\/wp\/v2\/product_cat?post=88125"},{"taxonomy":"product_tag","embeddable":true,"href":"https:\/\/mb.moldbrothers.com\/de\/wp-json\/wp\/v2\/product_tag?post=88125"}],"curies":[{"name":"wp","href":"https:\/\/api.w.org\/{rel}","templated":true}]}}