{"id":88129,"date":"2021-06-21T12:07:29","date_gmt":"2021-06-21T10:07:29","guid":{"rendered":"https:\/\/moldbrothers.nl\/?post_type=product&#038;p=88129"},"modified":"2026-01-07T16:13:42","modified_gmt":"2026-01-07T15:13:42","slug":"kuchen-tee-stempel-klein","status":"publish","type":"product","link":"https:\/\/mb.moldbrothers.com\/de\/produkt\/kuchen-tee-stempel-klein\/","title":{"rendered":"Pie Tee Stempel klein"},"content":{"rendered":"","protected":false},"excerpt":{"rendered":"<p>Ein hochwertiger Aluminiumstempel in Form eines T\u00f6rtchens. Dieser Aluminiumstempel eignet sich sowohl f\u00fcr hei\u00dfe als auch f\u00fcr kalte Zubereitungen. Mit dieser Form lassen sich knusprige Teig-Tartlettes herstellen, die anschlie\u00dfend gef\u00fcllt werden k\u00f6nnen.<\/p>","protected":false},"featured_media":127218,"template":"","meta":{"_seopress_robots_primary_cat":"none","_seopress_titles_title":"","_seopress_titles_desc":"","_seopress_robots_index":""},"product_brand":[],"product_cat":[362],"product_tag":[507,508,523,912,595,599,596,598,597],"class_list":{"0":"post-88129","1":"product","2":"type-product","3":"status-publish","4":"has-post-thumbnail","6":"product_cat-bunuelos-pie-tee","7":"product_tag-batter","8":"product_tag-beslag","9":"product_tag-bloem","10":"product_tag-croustade","11":"product_tag-fry","12":"product_tag-oil","13":"product_tag-stamp","14":"product_tag-tool","15":"product_tag-tools","17":"first","18":"instock","19":"sale","20":"taxable","21":"shipping-taxable","22":"purchasable","23":"product-type-simple"},"_links":{"self":[{"href":"https:\/\/mb.moldbrothers.com\/de\/wp-json\/wp\/v2\/product\/88129"}],"collection":[{"href":"https:\/\/mb.moldbrothers.com\/de\/wp-json\/wp\/v2\/product"}],"about":[{"href":"https:\/\/mb.moldbrothers.com\/de\/wp-json\/wp\/v2\/types\/product"}],"wp:featuredmedia":[{"embeddable":true,"href":"https:\/\/mb.moldbrothers.com\/de\/wp-json\/wp\/v2\/media\/127218"}],"wp:attachment":[{"href":"https:\/\/mb.moldbrothers.com\/de\/wp-json\/wp\/v2\/media?parent=88129"}],"wp:term":[{"taxonomy":"product_brand","embeddable":true,"href":"https:\/\/mb.moldbrothers.com\/de\/wp-json\/wp\/v2\/product_brand?post=88129"},{"taxonomy":"product_cat","embeddable":true,"href":"https:\/\/mb.moldbrothers.com\/de\/wp-json\/wp\/v2\/product_cat?post=88129"},{"taxonomy":"product_tag","embeddable":true,"href":"https:\/\/mb.moldbrothers.com\/de\/wp-json\/wp\/v2\/product_tag?post=88129"}],"curies":[{"name":"wp","href":"https:\/\/api.w.org\/{rel}","templated":true}]}}