{"id":101212,"date":"2021-09-28T10:54:01","date_gmt":"2021-09-28T08:54:01","guid":{"rendered":"https:\/\/moldbrothers.nl\/?post_type=product&#038;p=101212"},"modified":"2025-12-05T11:03:22","modified_gmt":"2025-12-05T10:03:22","slug":"molde-de-esfera-optica","status":"publish","type":"product","link":"https:\/\/mb.moldbrothers.com\/es\/producto\/molde-de-esfera-optica\/","title":{"rendered":"Esfera \u00d3ptica Tuille Mold"},"content":{"rendered":"","protected":false},"excerpt":{"rendered":"<p>Un molde de silicona de alta calidad con forma de patr\u00f3n \u00f3ptico. El molde contiene 1 forma y est\u00e1 hecho de silicona de calidad alimentaria 100%.<\/p>\n<p>El molde puede soportar una temperatura entre -40 \u00b0C y +200 \u00b0C. Por lo tanto, el molde es adecuado tanto para el congelador (de choque) como para el horno.<\/p>","protected":false},"featured_media":101214,"template":"","meta":{"_seopress_robots_primary_cat":"none","_seopress_titles_title":"","_seopress_titles_desc":"","_seopress_robots_index":""},"product_brand":[],"product_cat":[228,203],"product_tag":[573,574,572,495,558,519],"class_list":{"0":"post-101212","1":"product","2":"type-product","3":"status-publish","4":"has-post-thumbnail","6":"product_cat-2dmolds","7":"product_cat-graphic","8":"product_tag-geometric","9":"product_tag-geometrisch","10":"product_tag-optisch","11":"product_tag-tuile","12":"product_tag-tuille","13":"product_tag-tuille-forme","15":"first","16":"instock","17":"taxable","18":"shipping-taxable","19":"purchasable","20":"product-type-simple"},"_links":{"self":[{"href":"https:\/\/mb.moldbrothers.com\/es\/wp-json\/wp\/v2\/product\/101212"}],"collection":[{"href":"https:\/\/mb.moldbrothers.com\/es\/wp-json\/wp\/v2\/product"}],"about":[{"href":"https:\/\/mb.moldbrothers.com\/es\/wp-json\/wp\/v2\/types\/product"}],"wp:featuredmedia":[{"embeddable":true,"href":"https:\/\/mb.moldbrothers.com\/es\/wp-json\/wp\/v2\/media\/101214"}],"wp:attachment":[{"href":"https:\/\/mb.moldbrothers.com\/es\/wp-json\/wp\/v2\/media?parent=101212"}],"wp:term":[{"taxonomy":"product_brand","embeddable":true,"href":"https:\/\/mb.moldbrothers.com\/es\/wp-json\/wp\/v2\/product_brand?post=101212"},{"taxonomy":"product_cat","embeddable":true,"href":"https:\/\/mb.moldbrothers.com\/es\/wp-json\/wp\/v2\/product_cat?post=101212"},{"taxonomy":"product_tag","embeddable":true,"href":"https:\/\/mb.moldbrothers.com\/es\/wp-json\/wp\/v2\/product_tag?post=101212"}],"curies":[{"name":"wp","href":"https:\/\/api.w.org\/{rel}","templated":true}]}}