{"id":157030,"date":"2023-12-20T09:47:36","date_gmt":"2023-12-20T08:47:36","guid":{"rendered":"https:\/\/shop.moldbrothers.com\/?post_type=product&#038;p=157030"},"modified":"2025-12-05T10:43:35","modified_gmt":"2025-12-05T09:43:35","slug":"moldbrothers-perforadora-set-4","status":"publish","type":"product","link":"https:\/\/mb.moldbrothers.com\/es\/producto\/moldbrothers-perforadora-set-4\/","title":{"rendered":"Juego de perforadoras"},"content":{"rendered":"","protected":false},"excerpt":{"rendered":"<p>Punzones redondos de acero inoxidable de alta calidad, de 1,0 a 10,5 cm. Fabricados en acero inoxidable macizo, estos sacabocados resisten la oxidaci\u00f3n, se mantienen afilados durante a\u00f1os y nunca se doblan. Experimente la precisi\u00f3n y la durabilidad - elija la mejor calidad para todos sus proyectos culinarios.<\/p>","protected":false},"featured_media":157048,"template":"","meta":{"_seopress_robots_primary_cat":"none","_seopress_titles_title":"","_seopress_titles_desc":"","_seopress_robots_index":""},"product_brand":[],"product_cat":[192],"product_tag":[],"class_list":{"0":"post-157030","1":"product","2":"type-product","3":"status-publish","4":"has-post-thumbnail","6":"product_cat-kitchen-essentials","8":"first","9":"instock","10":"sale","11":"taxable","12":"shipping-taxable","13":"product-type-grouped"},"_links":{"self":[{"href":"https:\/\/mb.moldbrothers.com\/es\/wp-json\/wp\/v2\/product\/157030"}],"collection":[{"href":"https:\/\/mb.moldbrothers.com\/es\/wp-json\/wp\/v2\/product"}],"about":[{"href":"https:\/\/mb.moldbrothers.com\/es\/wp-json\/wp\/v2\/types\/product"}],"wp:featuredmedia":[{"embeddable":true,"href":"https:\/\/mb.moldbrothers.com\/es\/wp-json\/wp\/v2\/media\/157048"}],"wp:attachment":[{"href":"https:\/\/mb.moldbrothers.com\/es\/wp-json\/wp\/v2\/media?parent=157030"}],"wp:term":[{"taxonomy":"product_brand","embeddable":true,"href":"https:\/\/mb.moldbrothers.com\/es\/wp-json\/wp\/v2\/product_brand?post=157030"},{"taxonomy":"product_cat","embeddable":true,"href":"https:\/\/mb.moldbrothers.com\/es\/wp-json\/wp\/v2\/product_cat?post=157030"},{"taxonomy":"product_tag","embeddable":true,"href":"https:\/\/mb.moldbrothers.com\/es\/wp-json\/wp\/v2\/product_tag?post=157030"}],"curies":[{"name":"wp","href":"https:\/\/api.w.org\/{rel}","templated":true}]}}