{"id":162360,"date":"2024-04-04T11:59:00","date_gmt":"2024-04-04T09:59:00","guid":{"rendered":"https:\/\/shop.moldbrothers.com\/?post_type=product&#038;p=162360"},"modified":"2025-12-05T09:50:42","modified_gmt":"2025-12-05T08:50:42","slug":"spring-flower-molds","status":"publish","type":"product","link":"https:\/\/mb.moldbrothers.com\/es\/producto\/spring-flower-molds\/","title":{"rendered":"Flor de primavera Tuille Molds"},"content":{"rendered":"","protected":false},"excerpt":{"rendered":"<p>Moldes de silicona de alta calidad con forma de flores de jazm\u00edn, violeta y pr\u00edmula. Cada molde tiene 5 formas y est\u00e1 hecho de silicona alimentaria 100%.<\/p>\n<p>Dise\u00f1ado para soportar temperaturas de -40\u00b0C a +200\u00b0C, este molde es apto para su uso tanto en congeladores de choque como en hornos.<\/p>","protected":false},"featured_media":162447,"template":"","meta":{"_seopress_robots_primary_cat":"none","_seopress_titles_title":"","_seopress_titles_desc":"","_seopress_robots_index":""},"product_brand":[],"product_cat":[228,237],"product_tag":[821,828,524,578,826,827,494,558],"class_list":{"0":"post-162360","1":"product","2":"type-product","3":"status-publish","4":"has-post-thumbnail","6":"product_cat-2dmolds","7":"product_cat-natural","8":"product_tag-bloom","9":"product_tag-flora","10":"product_tag-flower","11":"product_tag-flowers","12":"product_tag-mini","13":"product_tag-small","14":"product_tag-spring","15":"product_tag-tuille","17":"first","18":"instock","19":"sale","20":"taxable","21":"shipping-taxable","22":"product-type-grouped"},"_links":{"self":[{"href":"https:\/\/mb.moldbrothers.com\/es\/wp-json\/wp\/v2\/product\/162360"}],"collection":[{"href":"https:\/\/mb.moldbrothers.com\/es\/wp-json\/wp\/v2\/product"}],"about":[{"href":"https:\/\/mb.moldbrothers.com\/es\/wp-json\/wp\/v2\/types\/product"}],"wp:featuredmedia":[{"embeddable":true,"href":"https:\/\/mb.moldbrothers.com\/es\/wp-json\/wp\/v2\/media\/162447"}],"wp:attachment":[{"href":"https:\/\/mb.moldbrothers.com\/es\/wp-json\/wp\/v2\/media?parent=162360"}],"wp:term":[{"taxonomy":"product_brand","embeddable":true,"href":"https:\/\/mb.moldbrothers.com\/es\/wp-json\/wp\/v2\/product_brand?post=162360"},{"taxonomy":"product_cat","embeddable":true,"href":"https:\/\/mb.moldbrothers.com\/es\/wp-json\/wp\/v2\/product_cat?post=162360"},{"taxonomy":"product_tag","embeddable":true,"href":"https:\/\/mb.moldbrothers.com\/es\/wp-json\/wp\/v2\/product_tag?post=162360"}],"curies":[{"name":"wp","href":"https:\/\/api.w.org\/{rel}","templated":true}]}}