{"id":165592,"date":"2024-07-03T17:21:52","date_gmt":"2024-07-03T15:21:52","guid":{"rendered":"https:\/\/shop.moldbrothers.com\/?post_type=product&#038;p=165592"},"modified":"2025-12-05T09:47:23","modified_gmt":"2025-12-05T08:47:23","slug":"wooden-potholder","status":"publish","type":"product","link":"https:\/\/mb.moldbrothers.com\/es\/producto\/wooden-potholder\/","title":{"rendered":"PortaPaco de madera"},"content":{"rendered":"","protected":false},"excerpt":{"rendered":"<p>Mejore la experiencia gastron\u00f3mica de sus invitados con nuestro nuevo soporte de madera de alta calidad, hecho para su recipiente de hielo met\u00e1lico. Este bonito soporte mantiene su mesa elegante y organizada. La incrustaci\u00f3n antideslizante garantiza que el recipiente met\u00e1lico permanezca en su sitio.<\/p>\n<p>Hecho a mano en los Pa\u00edses Bajos con madera de roble 100%, este soporte es duradero y elegante. No es apto para lavavajillas; basta con enjuagarlo con agua corriente tibia para limpiarlo.<\/p>\n<p>*La taza de acero es s\u00f3lo para fines ilustrativos, s\u00f3lo recibir\u00e1 el soporte de madera.<\/p>","protected":false},"featured_media":165559,"template":"","meta":{"_seopress_robots_primary_cat":"none","_seopress_titles_title":"","_seopress_titles_desc":"","_seopress_robots_index":""},"product_brand":[],"product_cat":[238],"product_tag":[935,936,691,937,934,550,933],"class_list":{"0":"post-165592","1":"product","2":"type-product","3":"status-publish","4":"has-post-thumbnail","6":"product_cat-presentables","7":"product_tag-espuma","8":"product_tag-oak","9":"product_tag-pacojet","10":"product_tag-pacopot","11":"product_tag-syphon","12":"product_tag-wood","13":"product_tag-wooden","15":"first","16":"instock","17":"taxable","18":"shipping-taxable","19":"purchasable","20":"product-type-simple"},"_links":{"self":[{"href":"https:\/\/mb.moldbrothers.com\/es\/wp-json\/wp\/v2\/product\/165592"}],"collection":[{"href":"https:\/\/mb.moldbrothers.com\/es\/wp-json\/wp\/v2\/product"}],"about":[{"href":"https:\/\/mb.moldbrothers.com\/es\/wp-json\/wp\/v2\/types\/product"}],"wp:featuredmedia":[{"embeddable":true,"href":"https:\/\/mb.moldbrothers.com\/es\/wp-json\/wp\/v2\/media\/165559"}],"wp:attachment":[{"href":"https:\/\/mb.moldbrothers.com\/es\/wp-json\/wp\/v2\/media?parent=165592"}],"wp:term":[{"taxonomy":"product_brand","embeddable":true,"href":"https:\/\/mb.moldbrothers.com\/es\/wp-json\/wp\/v2\/product_brand?post=165592"},{"taxonomy":"product_cat","embeddable":true,"href":"https:\/\/mb.moldbrothers.com\/es\/wp-json\/wp\/v2\/product_cat?post=165592"},{"taxonomy":"product_tag","embeddable":true,"href":"https:\/\/mb.moldbrothers.com\/es\/wp-json\/wp\/v2\/product_tag?post=165592"}],"curies":[{"name":"wp","href":"https:\/\/api.w.org\/{rel}","templated":true}]}}