{"id":176629,"date":"2025-01-25T14:43:49","date_gmt":"2025-01-25T13:43:49","guid":{"rendered":"https:\/\/shop.moldbrothers.com\/?post_type=product&#038;p=176629"},"modified":"2025-12-05T09:34:52","modified_gmt":"2025-12-05T08:34:52","slug":"pearl-ring-mold","status":"publish","type":"product","link":"https:\/\/mb.moldbrothers.com\/es\/producto\/pearl-ring-mold\/","title":{"rendered":"Anillo de perlas Mold"},"content":{"rendered":"","protected":false},"excerpt":{"rendered":"<p>Molde de silicona de alta calidad con forma de dos anillos, formado por peque\u00f1as esferas \"entubadas\". El molde presenta un anillo m\u00e1s grande y otro m\u00e1s peque\u00f1o y est\u00e1 fabricado con silicona alimentaria 100%.<\/p>\n<p>Este molde es capaz de soportar temperaturas que oscilan entre -40\u00b0C y +200\u00b0C, por lo que es adecuado para su uso tanto en congeladores (de choque) como en hornos.<\/p>","protected":false},"featured_media":176859,"template":"","meta":{"_seopress_robots_primary_cat":"none","_seopress_titles_title":"","_seopress_titles_desc":"","_seopress_robots_index":""},"product_brand":[],"product_cat":[159,193,184],"product_tag":[],"class_list":{"0":"post-176629","1":"product","2":"type-product","3":"status-publish","4":"has-post-thumbnail","6":"product_cat-3dmolds","7":"product_cat-essentials","8":"product_cat-highlighted-products","10":"first","11":"instock","12":"sale","13":"taxable","14":"shipping-taxable","15":"product-type-grouped"},"_links":{"self":[{"href":"https:\/\/mb.moldbrothers.com\/es\/wp-json\/wp\/v2\/product\/176629"}],"collection":[{"href":"https:\/\/mb.moldbrothers.com\/es\/wp-json\/wp\/v2\/product"}],"about":[{"href":"https:\/\/mb.moldbrothers.com\/es\/wp-json\/wp\/v2\/types\/product"}],"wp:featuredmedia":[{"embeddable":true,"href":"https:\/\/mb.moldbrothers.com\/es\/wp-json\/wp\/v2\/media\/176859"}],"wp:attachment":[{"href":"https:\/\/mb.moldbrothers.com\/es\/wp-json\/wp\/v2\/media?parent=176629"}],"wp:term":[{"taxonomy":"product_brand","embeddable":true,"href":"https:\/\/mb.moldbrothers.com\/es\/wp-json\/wp\/v2\/product_brand?post=176629"},{"taxonomy":"product_cat","embeddable":true,"href":"https:\/\/mb.moldbrothers.com\/es\/wp-json\/wp\/v2\/product_cat?post=176629"},{"taxonomy":"product_tag","embeddable":true,"href":"https:\/\/mb.moldbrothers.com\/es\/wp-json\/wp\/v2\/product_tag?post=176629"}],"curies":[{"name":"wp","href":"https:\/\/api.w.org\/{rel}","templated":true}]}}