{"id":179546,"date":"2024-07-31T11:52:00","date_gmt":"2024-07-31T09:52:00","guid":{"rendered":"https:\/\/shop.moldbrothers.com\/?post_type=product&#038;p=179546"},"modified":"2025-12-05T09:46:02","modified_gmt":"2025-12-05T08:46:02","slug":"1-2-circle-stencil","status":"publish","type":"product","link":"https:\/\/mb.moldbrothers.com\/es\/producto\/1-2-circle-stencil\/","title":{"rendered":"Plantilla 1\/2 c\u00edrculo"},"content":{"rendered":"","protected":false},"excerpt":{"rendered":"<p>Esta plantilla tiene 23 formas de medio c\u00edrculo y est\u00e1 hecha de acr\u00edlico de 1 mm de grosor, perfecto para a\u00f1adir un elemento crujiente adicional a su plato.<\/p>\n<p>S\u00f3lo una advertencia r\u00e1pida: no es apto para lavavajillas y <strong>no deber\u00eda<\/strong> al horno. Recomendamos enjuagarlo con agua tibia (unos 40 \u00b0C) y prescindir de los productos de limpieza para mantenerlo en plena forma.<\/p>","protected":false},"featured_media":179399,"template":"","meta":{"_seopress_robots_primary_cat":"none","_seopress_titles_title":"","_seopress_titles_desc":"","_seopress_robots_index":""},"product_brand":[],"product_cat":[170,198,184],"product_tag":[],"class_list":{"0":"post-179546","1":"product","2":"type-product","3":"status-publish","4":"has-post-thumbnail","6":"product_cat-stencils","7":"product_cat-a3-stencils","8":"product_cat-highlighted-products","10":"first","11":"instock","12":"taxable","13":"shipping-taxable","14":"purchasable","15":"product-type-simple"},"_links":{"self":[{"href":"https:\/\/mb.moldbrothers.com\/es\/wp-json\/wp\/v2\/product\/179546"}],"collection":[{"href":"https:\/\/mb.moldbrothers.com\/es\/wp-json\/wp\/v2\/product"}],"about":[{"href":"https:\/\/mb.moldbrothers.com\/es\/wp-json\/wp\/v2\/types\/product"}],"wp:featuredmedia":[{"embeddable":true,"href":"https:\/\/mb.moldbrothers.com\/es\/wp-json\/wp\/v2\/media\/179399"}],"wp:attachment":[{"href":"https:\/\/mb.moldbrothers.com\/es\/wp-json\/wp\/v2\/media?parent=179546"}],"wp:term":[{"taxonomy":"product_brand","embeddable":true,"href":"https:\/\/mb.moldbrothers.com\/es\/wp-json\/wp\/v2\/product_brand?post=179546"},{"taxonomy":"product_cat","embeddable":true,"href":"https:\/\/mb.moldbrothers.com\/es\/wp-json\/wp\/v2\/product_cat?post=179546"},{"taxonomy":"product_tag","embeddable":true,"href":"https:\/\/mb.moldbrothers.com\/es\/wp-json\/wp\/v2\/product_tag?post=179546"}],"curies":[{"name":"wp","href":"https:\/\/api.w.org\/{rel}","templated":true}]}}