{"id":180928,"date":"2025-11-26T07:54:07","date_gmt":"2025-11-26T06:54:07","guid":{"rendered":"https:\/\/mb.moldbrothers.com\/?post_type=product&#038;p=180928"},"modified":"2025-12-03T15:12:31","modified_gmt":"2025-12-03T14:12:31","slug":"world-cup-singular-mold-the-ritz-carlton","status":"publish","type":"product","link":"https:\/\/mb.moldbrothers.com\/es\/producto\/world-cup-singular-mold-the-ritz-carlton\/","title":{"rendered":"Mundial Singular Mold - The Ritz-Carlton"},"content":{"rendered":"","protected":false},"excerpt":{"rendered":"<p>Bien preparada para celebrar el esp\u00edritu de la Copa del Mundo 2026, esta llamativa creaci\u00f3n combina un dise\u00f1o moderno con una elegancia atemporal. La forma esculpida del postre evoca la forma del emblem\u00e1tico emblema \"26\" del torneo, acabado en un vivo color verde que simboliza la vitalidad, la unidad y la energ\u00eda del juego.<\/p>","protected":false},"featured_media":180982,"template":"","meta":{"_seopress_robots_primary_cat":"none","_seopress_titles_title":"","_seopress_titles_desc":"","_seopress_robots_index":""},"product_brand":[],"product_cat":[910],"product_tag":[],"class_list":{"0":"post-180928","1":"product","2":"type-product","3":"status-publish","4":"has-post-thumbnail","6":"product_cat-marriott-specials","8":"first","9":"instock","10":"taxable","11":"shipping-taxable","12":"purchasable","13":"product-type-simple"},"_links":{"self":[{"href":"https:\/\/mb.moldbrothers.com\/es\/wp-json\/wp\/v2\/product\/180928"}],"collection":[{"href":"https:\/\/mb.moldbrothers.com\/es\/wp-json\/wp\/v2\/product"}],"about":[{"href":"https:\/\/mb.moldbrothers.com\/es\/wp-json\/wp\/v2\/types\/product"}],"wp:featuredmedia":[{"embeddable":true,"href":"https:\/\/mb.moldbrothers.com\/es\/wp-json\/wp\/v2\/media\/180982"}],"wp:attachment":[{"href":"https:\/\/mb.moldbrothers.com\/es\/wp-json\/wp\/v2\/media?parent=180928"}],"wp:term":[{"taxonomy":"product_brand","embeddable":true,"href":"https:\/\/mb.moldbrothers.com\/es\/wp-json\/wp\/v2\/product_brand?post=180928"},{"taxonomy":"product_cat","embeddable":true,"href":"https:\/\/mb.moldbrothers.com\/es\/wp-json\/wp\/v2\/product_cat?post=180928"},{"taxonomy":"product_tag","embeddable":true,"href":"https:\/\/mb.moldbrothers.com\/es\/wp-json\/wp\/v2\/product_tag?post=180928"}],"curies":[{"name":"wp","href":"https:\/\/api.w.org\/{rel}","templated":true}]}}