{"id":180945,"date":"2025-11-26T06:32:00","date_gmt":"2025-11-26T05:32:00","guid":{"rendered":"https:\/\/mb.moldbrothers.com\/?post_type=product&#038;p=180945"},"modified":"2025-11-26T14:30:05","modified_gmt":"2025-11-26T13:30:05","slug":"chocolate-stamp-st-regis","status":"publish","type":"product","link":"https:\/\/mb.moldbrothers.com\/es\/producto\/chocolate-stamp-st-regis\/","title":{"rendered":"Sello de chocolate - St. Regis"},"content":{"rendered":"","protected":false},"excerpt":{"rendered":"<p>El chocolate tiene un atractivo universal, pero cuando lleva el sello de St. Regis, cuenta una historia de artesan\u00eda y cuidado. Nuestro sello de chocolate personalizado convierte los pralin\u00e9s caseros, las guarniciones para postres y los regalos para llevar en expresiones t\u00e1ctiles de lujo. Cada pieza es un mensaje en s\u00ed mismo: usted est\u00e1 en un lugar excepcional.<\/p>","protected":false},"featured_media":181042,"template":"","meta":{"_seopress_robots_primary_cat":"none","_seopress_titles_title":"","_seopress_titles_desc":"","_seopress_robots_index":""},"product_brand":[],"product_cat":[910],"product_tag":[],"class_list":{"0":"post-180945","1":"product","2":"type-product","3":"status-publish","4":"has-post-thumbnail","6":"product_cat-marriott-specials","8":"first","9":"instock","10":"taxable","11":"shipping-taxable","12":"purchasable","13":"product-type-simple"},"_links":{"self":[{"href":"https:\/\/mb.moldbrothers.com\/es\/wp-json\/wp\/v2\/product\/180945"}],"collection":[{"href":"https:\/\/mb.moldbrothers.com\/es\/wp-json\/wp\/v2\/product"}],"about":[{"href":"https:\/\/mb.moldbrothers.com\/es\/wp-json\/wp\/v2\/types\/product"}],"wp:featuredmedia":[{"embeddable":true,"href":"https:\/\/mb.moldbrothers.com\/es\/wp-json\/wp\/v2\/media\/181042"}],"wp:attachment":[{"href":"https:\/\/mb.moldbrothers.com\/es\/wp-json\/wp\/v2\/media?parent=180945"}],"wp:term":[{"taxonomy":"product_brand","embeddable":true,"href":"https:\/\/mb.moldbrothers.com\/es\/wp-json\/wp\/v2\/product_brand?post=180945"},{"taxonomy":"product_cat","embeddable":true,"href":"https:\/\/mb.moldbrothers.com\/es\/wp-json\/wp\/v2\/product_cat?post=180945"},{"taxonomy":"product_tag","embeddable":true,"href":"https:\/\/mb.moldbrothers.com\/es\/wp-json\/wp\/v2\/product_tag?post=180945"}],"curies":[{"name":"wp","href":"https:\/\/api.w.org\/{rel}","templated":true}]}}