{"id":181122,"date":"2026-01-21T13:38:17","date_gmt":"2026-01-21T12:38:17","guid":{"rendered":"https:\/\/mb.moldbrothers.com\/?post_type=product&#038;p=181122"},"modified":"2026-01-21T13:50:41","modified_gmt":"2026-01-21T12:50:41","slug":"marriott-bonvoy-suitcase","status":"publish","type":"product","link":"https:\/\/mb.moldbrothers.com\/es\/producto\/marriott-bonvoy-suitcase\/","title":{"rendered":"Maleta Marriott Bonvoy"},"content":{"rendered":"","protected":false},"excerpt":{"rendered":"<p>Un homenaje al viaje que hay detr\u00e1s de cada estancia. Este pastel escultural interpreta la maleta de viaje como un objeto refinado. Dise\u00f1ada en exclusiva para los miembros de Marriott Bonvoy, refleja el enfoque de la marca en la elegancia, la artesan\u00eda y la anticipaci\u00f3n.<\/p>","protected":false},"featured_media":181134,"template":"","meta":{"_seopress_robots_primary_cat":"none","_seopress_titles_title":"","_seopress_titles_desc":"","_seopress_robots_index":""},"product_brand":[],"product_cat":[910],"product_tag":[],"class_list":{"0":"post-181122","1":"product","2":"type-product","3":"status-publish","4":"has-post-thumbnail","6":"product_cat-marriott-specials","8":"first","9":"instock","10":"taxable","11":"shipping-taxable","12":"product-type-grouped"},"_links":{"self":[{"href":"https:\/\/mb.moldbrothers.com\/es\/wp-json\/wp\/v2\/product\/181122"}],"collection":[{"href":"https:\/\/mb.moldbrothers.com\/es\/wp-json\/wp\/v2\/product"}],"about":[{"href":"https:\/\/mb.moldbrothers.com\/es\/wp-json\/wp\/v2\/types\/product"}],"wp:featuredmedia":[{"embeddable":true,"href":"https:\/\/mb.moldbrothers.com\/es\/wp-json\/wp\/v2\/media\/181134"}],"wp:attachment":[{"href":"https:\/\/mb.moldbrothers.com\/es\/wp-json\/wp\/v2\/media?parent=181122"}],"wp:term":[{"taxonomy":"product_brand","embeddable":true,"href":"https:\/\/mb.moldbrothers.com\/es\/wp-json\/wp\/v2\/product_brand?post=181122"},{"taxonomy":"product_cat","embeddable":true,"href":"https:\/\/mb.moldbrothers.com\/es\/wp-json\/wp\/v2\/product_cat?post=181122"},{"taxonomy":"product_tag","embeddable":true,"href":"https:\/\/mb.moldbrothers.com\/es\/wp-json\/wp\/v2\/product_tag?post=181122"}],"curies":[{"name":"wp","href":"https:\/\/api.w.org\/{rel}","templated":true}]}}