{"id":101029,"date":"2021-09-27T17:29:08","date_gmt":"2021-09-27T15:29:08","guid":{"rendered":"https:\/\/moldbrothers.nl\/?post_type=product&#038;p=101029"},"modified":"2025-12-05T11:03:51","modified_gmt":"2025-12-05T10:03:51","slug":"moule-tuille-optique-large","status":"publish","type":"product","link":"https:\/\/mb.moldbrothers.com\/fr\/produit\/moule-tuille-optique-large\/","title":{"rendered":"Optique Tuille Mold Large"},"content":{"rendered":"","protected":false},"excerpt":{"rendered":"<p>Un moule en silicone de haute qualit\u00e9 avec la forme d&#039;un motif g\u00e9om\u00e9trique optique. Le moule contient 1 forme et est fabriqu\u00e9 en silicone de qualit\u00e9 alimentaire 100%.<\/p>\n<p>Le moule peut supporter une temp\u00e9rature comprise entre -40 \u00b0C et +200 \u00b0C. Le moule convient donc aussi bien au cong\u00e9lateur (choc) qu&#039;au four.<\/p>","protected":false},"featured_media":101031,"template":"","meta":{"_seopress_robots_primary_cat":"none","_seopress_titles_title":"","_seopress_titles_desc":"","_seopress_robots_index":""},"product_brand":[],"product_cat":[228,203],"product_tag":[573,574,572,495,558,519],"class_list":{"0":"post-101029","1":"product","2":"type-product","3":"status-publish","4":"has-post-thumbnail","6":"product_cat-2dmolds","7":"product_cat-graphic","8":"product_tag-geometric","9":"product_tag-geometrisch","10":"product_tag-optisch","11":"product_tag-tuile","12":"product_tag-tuille","13":"product_tag-tuille-forme","15":"first","16":"instock","17":"taxable","18":"shipping-taxable","19":"purchasable","20":"product-type-simple"},"_links":{"self":[{"href":"https:\/\/mb.moldbrothers.com\/fr\/wp-json\/wp\/v2\/product\/101029"}],"collection":[{"href":"https:\/\/mb.moldbrothers.com\/fr\/wp-json\/wp\/v2\/product"}],"about":[{"href":"https:\/\/mb.moldbrothers.com\/fr\/wp-json\/wp\/v2\/types\/product"}],"wp:featuredmedia":[{"embeddable":true,"href":"https:\/\/mb.moldbrothers.com\/fr\/wp-json\/wp\/v2\/media\/101031"}],"wp:attachment":[{"href":"https:\/\/mb.moldbrothers.com\/fr\/wp-json\/wp\/v2\/media?parent=101029"}],"wp:term":[{"taxonomy":"product_brand","embeddable":true,"href":"https:\/\/mb.moldbrothers.com\/fr\/wp-json\/wp\/v2\/product_brand?post=101029"},{"taxonomy":"product_cat","embeddable":true,"href":"https:\/\/mb.moldbrothers.com\/fr\/wp-json\/wp\/v2\/product_cat?post=101029"},{"taxonomy":"product_tag","embeddable":true,"href":"https:\/\/mb.moldbrothers.com\/fr\/wp-json\/wp\/v2\/product_tag?post=101029"}],"curies":[{"name":"wp","href":"https:\/\/api.w.org\/{rel}","templated":true}]}}