{"id":124102,"date":"2022-02-07T16:28:20","date_gmt":"2022-02-07T15:28:20","guid":{"rendered":"https:\/\/moldbrothers.nl\/?post_type=product&#038;p=124102"},"modified":"2025-12-05T11:02:59","modified_gmt":"2025-12-05T10:02:59","slug":"kit-de-pressage-de-disques-de-ribble","status":"publish","type":"product","link":"https:\/\/mb.moldbrothers.com\/fr\/produit\/kit-de-pressage-de-disques-de-ribble\/","title":{"rendered":"Kit de pressage de disques Ribble"},"content":{"rendered":"","protected":false},"excerpt":{"rendered":"<p>Le moule de pressage en silicone est fabriqu\u00e9 en forme de disque Ribble et est de qualit\u00e9 alimentaire 100%. Le moule se compose de deux parties qui s&#039;embo\u00eetent parfaitement et chaque moule a une longueur de 7,8 cm de diam\u00e8tre et une hauteur de 2 cm par moiti\u00e9.<\/p>\n<p>Le pochoir est <strong>pas<\/strong> lave-vaisselle. Nous recommandons de rincer le pochoir \u00e0 l&#039;eau ti\u00e8de (40\u00b0C) sans utiliser de d\u00e9tergent.<\/p>","protected":false},"featured_media":143622,"template":"","meta":{"_seopress_robots_primary_cat":"none","_seopress_titles_title":"","_seopress_titles_desc":"","_seopress_robots_index":""},"product_brand":[],"product_cat":[202],"product_tag":[],"class_list":{"0":"post-124102","1":"product","2":"type-product","3":"status-publish","4":"has-post-thumbnail","6":"product_cat-pressing-kits","8":"first","9":"instock","10":"sale","11":"taxable","12":"shipping-taxable","13":"product-type-grouped"},"_links":{"self":[{"href":"https:\/\/mb.moldbrothers.com\/fr\/wp-json\/wp\/v2\/product\/124102"}],"collection":[{"href":"https:\/\/mb.moldbrothers.com\/fr\/wp-json\/wp\/v2\/product"}],"about":[{"href":"https:\/\/mb.moldbrothers.com\/fr\/wp-json\/wp\/v2\/types\/product"}],"wp:featuredmedia":[{"embeddable":true,"href":"https:\/\/mb.moldbrothers.com\/fr\/wp-json\/wp\/v2\/media\/143622"}],"wp:attachment":[{"href":"https:\/\/mb.moldbrothers.com\/fr\/wp-json\/wp\/v2\/media?parent=124102"}],"wp:term":[{"taxonomy":"product_brand","embeddable":true,"href":"https:\/\/mb.moldbrothers.com\/fr\/wp-json\/wp\/v2\/product_brand?post=124102"},{"taxonomy":"product_cat","embeddable":true,"href":"https:\/\/mb.moldbrothers.com\/fr\/wp-json\/wp\/v2\/product_cat?post=124102"},{"taxonomy":"product_tag","embeddable":true,"href":"https:\/\/mb.moldbrothers.com\/fr\/wp-json\/wp\/v2\/product_tag?post=124102"}],"curies":[{"name":"wp","href":"https:\/\/api.w.org\/{rel}","templated":true}]}}