{"id":125492,"date":"2020-10-05T09:10:53","date_gmt":"2020-10-05T07:10:53","guid":{"rendered":"https:\/\/moldbrothers.nl\/?post_type=product&#038;p=125492"},"modified":"2025-12-05T11:11:35","modified_gmt":"2025-12-05T10:11:35","slug":"ensemble-de-presse-feuilles","status":"publish","type":"product","link":"https:\/\/mb.moldbrothers.com\/fr\/produit\/ensemble-de-presse-feuilles\/","title":{"rendered":"Kit de pressage de feuilles"},"content":{"rendered":"","protected":false},"excerpt":{"rendered":"<p>Une presse en silicone de haute qualit\u00e9, un moule et un pochoir en acrylique. Le pochoir contient 23 formes et est fabriqu\u00e9 en acrylique alimentaire. La presse est fabriqu\u00e9e en silicone alimentaire 100%.<\/p>","protected":false},"featured_media":143600,"template":"","meta":{"_seopress_robots_primary_cat":"none","_seopress_titles_title":"","_seopress_titles_desc":"","_seopress_robots_index":""},"product_brand":[],"product_cat":[202],"product_tag":[],"class_list":{"0":"post-125492","1":"product","2":"type-product","3":"status-publish","4":"has-post-thumbnail","6":"product_cat-pressing-kits","8":"first","9":"instock","10":"sale","11":"taxable","12":"shipping-taxable","13":"product-type-grouped"},"_links":{"self":[{"href":"https:\/\/mb.moldbrothers.com\/fr\/wp-json\/wp\/v2\/product\/125492"}],"collection":[{"href":"https:\/\/mb.moldbrothers.com\/fr\/wp-json\/wp\/v2\/product"}],"about":[{"href":"https:\/\/mb.moldbrothers.com\/fr\/wp-json\/wp\/v2\/types\/product"}],"wp:featuredmedia":[{"embeddable":true,"href":"https:\/\/mb.moldbrothers.com\/fr\/wp-json\/wp\/v2\/media\/143600"}],"wp:attachment":[{"href":"https:\/\/mb.moldbrothers.com\/fr\/wp-json\/wp\/v2\/media?parent=125492"}],"wp:term":[{"taxonomy":"product_brand","embeddable":true,"href":"https:\/\/mb.moldbrothers.com\/fr\/wp-json\/wp\/v2\/product_brand?post=125492"},{"taxonomy":"product_cat","embeddable":true,"href":"https:\/\/mb.moldbrothers.com\/fr\/wp-json\/wp\/v2\/product_cat?post=125492"},{"taxonomy":"product_tag","embeddable":true,"href":"https:\/\/mb.moldbrothers.com\/fr\/wp-json\/wp\/v2\/product_tag?post=125492"}],"curies":[{"name":"wp","href":"https:\/\/api.w.org\/{rel}","templated":true}]}}