{"id":129499,"date":"2022-07-05T13:52:28","date_gmt":"2022-07-05T11:52:28","guid":{"rendered":"https:\/\/moldbrothers.nl\/?post_type=product&#038;p=129499"},"modified":"2025-12-05T10:53:44","modified_gmt":"2025-12-05T09:53:44","slug":"sphere-moule-moyen","status":"publish","type":"product","link":"https:\/\/mb.moldbrothers.com\/fr\/produit\/sphere-moule-moyen\/","title":{"rendered":"Sph\u00e8re Mold Moyenne"},"content":{"rendered":"","protected":false},"excerpt":{"rendered":"<p>Un moule en silicone de haute qualit\u00e9 en forme de sph\u00e8re. Le moule contient 28 formes et est fabriqu\u00e9 en silicone de qualit\u00e9 alimentaire 100%.<\/p>\n<p>Le moule peut supporter une temp\u00e9rature comprise entre -40 \u00b0C et +200 \u00b0C. Le moule convient donc aussi bien au cong\u00e9lateur (choc) qu&#039;au four.<\/p>","protected":false},"featured_media":129500,"template":"","meta":{"_seopress_robots_primary_cat":"none","_seopress_titles_title":"","_seopress_titles_desc":"","_seopress_robots_index":""},"product_brand":[],"product_cat":[159,193],"product_tag":[650,559,651,652,653],"class_list":{"0":"post-129499","1":"product","2":"type-product","3":"status-publish","4":"has-post-thumbnail","6":"product_cat-3dmolds","7":"product_cat-essentials","8":"product_tag-ball","9":"product_tag-moule","10":"product_tag-round","11":"product_tag-spehr","12":"product_tag-sphere","14":"first","15":"instock","16":"taxable","17":"shipping-taxable","18":"purchasable","19":"product-type-simple"},"_links":{"self":[{"href":"https:\/\/mb.moldbrothers.com\/fr\/wp-json\/wp\/v2\/product\/129499"}],"collection":[{"href":"https:\/\/mb.moldbrothers.com\/fr\/wp-json\/wp\/v2\/product"}],"about":[{"href":"https:\/\/mb.moldbrothers.com\/fr\/wp-json\/wp\/v2\/types\/product"}],"wp:featuredmedia":[{"embeddable":true,"href":"https:\/\/mb.moldbrothers.com\/fr\/wp-json\/wp\/v2\/media\/129500"}],"wp:attachment":[{"href":"https:\/\/mb.moldbrothers.com\/fr\/wp-json\/wp\/v2\/media?parent=129499"}],"wp:term":[{"taxonomy":"product_brand","embeddable":true,"href":"https:\/\/mb.moldbrothers.com\/fr\/wp-json\/wp\/v2\/product_brand?post=129499"},{"taxonomy":"product_cat","embeddable":true,"href":"https:\/\/mb.moldbrothers.com\/fr\/wp-json\/wp\/v2\/product_cat?post=129499"},{"taxonomy":"product_tag","embeddable":true,"href":"https:\/\/mb.moldbrothers.com\/fr\/wp-json\/wp\/v2\/product_tag?post=129499"}],"curies":[{"name":"wp","href":"https:\/\/api.w.org\/{rel}","templated":true}]}}