{"id":136543,"date":"2024-01-01T16:04:00","date_gmt":"2024-01-01T15:04:00","guid":{"rendered":"https:\/\/moldbrothers.nl\/?post_type=product&#038;p=136543"},"modified":"2025-12-05T10:42:05","modified_gmt":"2025-12-05T09:42:05","slug":"porte-tacos","status":"publish","type":"product","link":"https:\/\/mb.moldbrothers.com\/fr\/produit\/porte-tacos\/","title":{"rendered":"Porte-tacos"},"content":{"rendered":"","protected":false},"excerpt":{"rendered":"<p>Un porte-tacos en bois de haute qualit\u00e9. Le porte-taco contient 2 formes et est fabriqu\u00e9 en bois de ch\u00eane 100%<\/p>\n<p>Le porte-tacos est\u00a0<strong>pas<\/strong>\u00a0passe au lave-vaisselle et doit \u00eatre rinc\u00e9 sous l&#039;eau courante ti\u00e8de.<\/p>","protected":false},"featured_media":162740,"template":"","meta":{"_seopress_robots_primary_cat":"none","_seopress_titles_title":"","_seopress_titles_desc":"","_seopress_robots_index":""},"product_brand":[],"product_cat":[238,184],"product_tag":[],"class_list":{"0":"post-136543","1":"product","2":"type-product","3":"status-publish","4":"has-post-thumbnail","6":"product_cat-presentables","7":"product_cat-highlighted-products","9":"first","10":"instock","11":"taxable","12":"shipping-taxable","13":"purchasable","14":"product-type-simple"},"_links":{"self":[{"href":"https:\/\/mb.moldbrothers.com\/fr\/wp-json\/wp\/v2\/product\/136543"}],"collection":[{"href":"https:\/\/mb.moldbrothers.com\/fr\/wp-json\/wp\/v2\/product"}],"about":[{"href":"https:\/\/mb.moldbrothers.com\/fr\/wp-json\/wp\/v2\/types\/product"}],"wp:featuredmedia":[{"embeddable":true,"href":"https:\/\/mb.moldbrothers.com\/fr\/wp-json\/wp\/v2\/media\/162740"}],"wp:attachment":[{"href":"https:\/\/mb.moldbrothers.com\/fr\/wp-json\/wp\/v2\/media?parent=136543"}],"wp:term":[{"taxonomy":"product_brand","embeddable":true,"href":"https:\/\/mb.moldbrothers.com\/fr\/wp-json\/wp\/v2\/product_brand?post=136543"},{"taxonomy":"product_cat","embeddable":true,"href":"https:\/\/mb.moldbrothers.com\/fr\/wp-json\/wp\/v2\/product_cat?post=136543"},{"taxonomy":"product_tag","embeddable":true,"href":"https:\/\/mb.moldbrothers.com\/fr\/wp-json\/wp\/v2\/product_tag?post=136543"}],"curies":[{"name":"wp","href":"https:\/\/api.w.org\/{rel}","templated":true}]}}