{"id":140894,"date":"2023-03-29T08:40:08","date_gmt":"2023-03-29T06:40:08","guid":{"rendered":"https:\/\/moldbrothers.nl\/?post_type=product&#038;p=140894"},"modified":"2025-09-19T08:45:31","modified_gmt":"2025-09-19T06:45:31","slug":"pochoir-de-cone","status":"publish","type":"product","link":"https:\/\/mb.moldbrothers.com\/fr\/produit\/pochoir-de-cone\/","title":{"rendered":"Pochoir C\u00f4ne"},"content":{"rendered":"","protected":false},"excerpt":{"rendered":"<p>Ce pochoir conique est fabriqu\u00e9 en acrylique de 1 mm d&#039;\u00e9paisseur et est parfait pour la finition de votre plat. Fa\u00e7onnez-le en un c\u00f4ne comestible !<\/p>\n<p>Le pochoir est\u00a0<strong>pas<\/strong>\u00a0lave-vaisselle. Nous recommandons de rincer le pochoir \u00e0 l&#039;eau ti\u00e8de (40\u00b0C) sans utiliser de d\u00e9tergent.<\/p>","protected":false},"featured_media":141012,"template":"","meta":{"_seopress_robots_primary_cat":"none","_seopress_titles_title":"","_seopress_titles_desc":"","_seopress_robots_index":""},"product_brand":[],"product_cat":[170,198],"product_tag":[],"class_list":{"0":"post-140894","1":"product","2":"type-product","3":"status-publish","4":"has-post-thumbnail","6":"product_cat-stencils","7":"product_cat-a3-stencils","9":"first","10":"instock","11":"taxable","12":"shipping-taxable","13":"purchasable","14":"product-type-simple"},"_links":{"self":[{"href":"https:\/\/mb.moldbrothers.com\/fr\/wp-json\/wp\/v2\/product\/140894"}],"collection":[{"href":"https:\/\/mb.moldbrothers.com\/fr\/wp-json\/wp\/v2\/product"}],"about":[{"href":"https:\/\/mb.moldbrothers.com\/fr\/wp-json\/wp\/v2\/types\/product"}],"wp:featuredmedia":[{"embeddable":true,"href":"https:\/\/mb.moldbrothers.com\/fr\/wp-json\/wp\/v2\/media\/141012"}],"wp:attachment":[{"href":"https:\/\/mb.moldbrothers.com\/fr\/wp-json\/wp\/v2\/media?parent=140894"}],"wp:term":[{"taxonomy":"product_brand","embeddable":true,"href":"https:\/\/mb.moldbrothers.com\/fr\/wp-json\/wp\/v2\/product_brand?post=140894"},{"taxonomy":"product_cat","embeddable":true,"href":"https:\/\/mb.moldbrothers.com\/fr\/wp-json\/wp\/v2\/product_cat?post=140894"},{"taxonomy":"product_tag","embeddable":true,"href":"https:\/\/mb.moldbrothers.com\/fr\/wp-json\/wp\/v2\/product_tag?post=140894"}],"curies":[{"name":"wp","href":"https:\/\/api.w.org\/{rel}","templated":true}]}}