{"id":142810,"date":"2020-06-10T15:39:55","date_gmt":"2020-06-10T13:39:55","guid":{"rendered":"https:\/\/shop.moldbrothers.com\/?post_type=product&#038;p=142810"},"modified":"2025-12-05T11:15:02","modified_gmt":"2025-12-05T10:15:02","slug":"grid-mold","status":"publish","type":"product","link":"https:\/\/mb.moldbrothers.com\/fr\/produit\/grid-mold\/","title":{"rendered":"Grille Mold"},"content":{"rendered":"","protected":false},"excerpt":{"rendered":"<p>Un moule en silicone de haute qualit\u00e9 en forme de grille de Vorono\u00ef. Le moule contient 1 forme et est fabriqu\u00e9 en silicone de qualit\u00e9 alimentaire 100%.<\/p>\n<p>Le moule peut supporter une temp\u00e9rature comprise entre -40 \u00b0C et +200 \u00b0C. Le moule convient donc aussi bien au cong\u00e9lateur (choc) qu&#039;au four<\/p>","protected":false},"featured_media":181113,"template":"","meta":{"_seopress_robots_primary_cat":"none","_seopress_titles_title":"","_seopress_titles_desc":"","_seopress_robots_index":""},"product_brand":[],"product_cat":[228,203],"product_tag":[495,558,519],"class_list":{"0":"post-142810","1":"product","2":"type-product","3":"status-publish","4":"has-post-thumbnail","6":"product_cat-2dmolds","7":"product_cat-graphic","8":"product_tag-tuile","9":"product_tag-tuille","10":"product_tag-tuille-forme","12":"first","13":"instock","14":"taxable","15":"shipping-taxable","16":"purchasable","17":"product-type-simple"},"_links":{"self":[{"href":"https:\/\/mb.moldbrothers.com\/fr\/wp-json\/wp\/v2\/product\/142810"}],"collection":[{"href":"https:\/\/mb.moldbrothers.com\/fr\/wp-json\/wp\/v2\/product"}],"about":[{"href":"https:\/\/mb.moldbrothers.com\/fr\/wp-json\/wp\/v2\/types\/product"}],"wp:featuredmedia":[{"embeddable":true,"href":"https:\/\/mb.moldbrothers.com\/fr\/wp-json\/wp\/v2\/media\/181113"}],"wp:attachment":[{"href":"https:\/\/mb.moldbrothers.com\/fr\/wp-json\/wp\/v2\/media?parent=142810"}],"wp:term":[{"taxonomy":"product_brand","embeddable":true,"href":"https:\/\/mb.moldbrothers.com\/fr\/wp-json\/wp\/v2\/product_brand?post=142810"},{"taxonomy":"product_cat","embeddable":true,"href":"https:\/\/mb.moldbrothers.com\/fr\/wp-json\/wp\/v2\/product_cat?post=142810"},{"taxonomy":"product_tag","embeddable":true,"href":"https:\/\/mb.moldbrothers.com\/fr\/wp-json\/wp\/v2\/product_tag?post=142810"}],"curies":[{"name":"wp","href":"https:\/\/api.w.org\/{rel}","templated":true}]}}