{"id":145430,"date":"2023-06-23T11:11:48","date_gmt":"2023-06-23T09:11:48","guid":{"rendered":"https:\/\/shop.moldbrothers.com\/?post_type=product&#038;p=145430"},"modified":"2025-12-05T10:48:51","modified_gmt":"2025-12-05T09:48:51","slug":"moldpat-1-2","status":"publish","type":"product","link":"https:\/\/mb.moldbrothers.com\/fr\/produit\/moldpat-1-2\/","title":{"rendered":"MoldPat 1\/2"},"content":{"rendered":"","protected":false},"excerpt":{"rendered":"<p>Fabriqu\u00e9 avec pr\u00e9cision, notre tapis de cuisson en silicone est dot\u00e9 d'une maille en fibre de verre tiss\u00e9e \u00e0 l'int\u00e9rieur, ce qui lui conf\u00e8re une durabilit\u00e9 et une polyvalence in\u00e9gal\u00e9es dans la cuisine.<\/p>\n<p>Con\u00e7u pour r\u00e9sister \u00e0 des temp\u00e9ratures extr\u00eames allant de -40\u00b0C \u00e0 +200\u00b0C, ce tapis est un v\u00e9ritable concentr\u00e9 culinaire, parfait pour une utilisation au cong\u00e9lateur et au four.<\/p>","protected":false},"featured_media":165647,"template":"","meta":{"_seopress_robots_primary_cat":"none","_seopress_titles_title":"","_seopress_titles_desc":"","_seopress_robots_index":""},"product_brand":[],"product_cat":[192],"product_tag":[695,696,697,698],"class_list":{"0":"post-145430","1":"product","2":"type-product","3":"status-publish","4":"has-post-thumbnail","6":"product_cat-kitchen-essentials","7":"product_tag-baking","8":"product_tag-mat","9":"product_tag-pat","10":"product_tag-silicone","12":"first","13":"instock","14":"taxable","15":"shipping-taxable","16":"purchasable","17":"product-type-simple"},"_links":{"self":[{"href":"https:\/\/mb.moldbrothers.com\/fr\/wp-json\/wp\/v2\/product\/145430"}],"collection":[{"href":"https:\/\/mb.moldbrothers.com\/fr\/wp-json\/wp\/v2\/product"}],"about":[{"href":"https:\/\/mb.moldbrothers.com\/fr\/wp-json\/wp\/v2\/types\/product"}],"wp:featuredmedia":[{"embeddable":true,"href":"https:\/\/mb.moldbrothers.com\/fr\/wp-json\/wp\/v2\/media\/165647"}],"wp:attachment":[{"href":"https:\/\/mb.moldbrothers.com\/fr\/wp-json\/wp\/v2\/media?parent=145430"}],"wp:term":[{"taxonomy":"product_brand","embeddable":true,"href":"https:\/\/mb.moldbrothers.com\/fr\/wp-json\/wp\/v2\/product_brand?post=145430"},{"taxonomy":"product_cat","embeddable":true,"href":"https:\/\/mb.moldbrothers.com\/fr\/wp-json\/wp\/v2\/product_cat?post=145430"},{"taxonomy":"product_tag","embeddable":true,"href":"https:\/\/mb.moldbrothers.com\/fr\/wp-json\/wp\/v2\/product_tag?post=145430"}],"curies":[{"name":"wp","href":"https:\/\/api.w.org\/{rel}","templated":true}]}}