{"id":152383,"date":"2023-10-24T12:27:21","date_gmt":"2023-10-24T10:27:21","guid":{"rendered":"https:\/\/shop.moldbrothers.com\/?post_type=product&#038;p=152383"},"modified":"2025-12-05T10:46:00","modified_gmt":"2025-12-05T09:46:00","slug":"happy-anniversary-mold","status":"publish","type":"product","link":"https:\/\/mb.moldbrothers.com\/fr\/produit\/happy-anniversary-mold\/","title":{"rendered":"Joyeux anniversaire Mold"},"content":{"rendered":"","protected":false},"excerpt":{"rendered":"<p>Un moule en silicone de haute qualit\u00e9, sp\u00e9cialement con\u00e7u pour c\u00e9l\u00e9brer l'anniversaire d'un \u00e9v\u00e9nement ou d'une occasion importante dans la vie d'une personne et lui pr\u00e9senter vos meilleurs v\u0153ux. Le moule contient une forme et est fabriqu\u00e9 en silicone alimentaire 100%.<\/p>\n<p>Le moule peut supporter une temp\u00e9rature comprise entre -40 \u00b0C et +200 \u00b0C. Le moule convient donc aussi bien au cong\u00e9lateur (choc) qu&#039;au four.<\/p>","protected":false},"featured_media":152410,"template":"","meta":{"_seopress_robots_primary_cat":"none","_seopress_titles_title":"","_seopress_titles_desc":"","_seopress_robots_index":""},"product_brand":[],"product_cat":[159,229],"product_tag":[512,998,511,509,615,510],"class_list":{"0":"post-152383","1":"product","2":"type-product","3":"status-publish","4":"has-post-thumbnail","6":"product_cat-3dmolds","7":"product_cat-abstract","8":"product_tag-congratulations","9":"product_tag-cumpleanos","10":"product_tag-feest","11":"product_tag-happy","12":"product_tag-party","13":"product_tag-verjaardag","15":"first","16":"instock","17":"taxable","18":"shipping-taxable","19":"purchasable","20":"product-type-simple"},"_links":{"self":[{"href":"https:\/\/mb.moldbrothers.com\/fr\/wp-json\/wp\/v2\/product\/152383"}],"collection":[{"href":"https:\/\/mb.moldbrothers.com\/fr\/wp-json\/wp\/v2\/product"}],"about":[{"href":"https:\/\/mb.moldbrothers.com\/fr\/wp-json\/wp\/v2\/types\/product"}],"wp:featuredmedia":[{"embeddable":true,"href":"https:\/\/mb.moldbrothers.com\/fr\/wp-json\/wp\/v2\/media\/152410"}],"wp:attachment":[{"href":"https:\/\/mb.moldbrothers.com\/fr\/wp-json\/wp\/v2\/media?parent=152383"}],"wp:term":[{"taxonomy":"product_brand","embeddable":true,"href":"https:\/\/mb.moldbrothers.com\/fr\/wp-json\/wp\/v2\/product_brand?post=152383"},{"taxonomy":"product_cat","embeddable":true,"href":"https:\/\/mb.moldbrothers.com\/fr\/wp-json\/wp\/v2\/product_cat?post=152383"},{"taxonomy":"product_tag","embeddable":true,"href":"https:\/\/mb.moldbrothers.com\/fr\/wp-json\/wp\/v2\/product_tag?post=152383"}],"curies":[{"name":"wp","href":"https:\/\/api.w.org\/{rel}","templated":true}]}}