{"id":153654,"date":"2023-11-15T15:57:00","date_gmt":"2023-11-15T14:57:00","guid":{"rendered":"https:\/\/shop.moldbrothers.com\/?post_type=product&#038;p=153654"},"modified":"2025-12-05T10:45:11","modified_gmt":"2025-12-05T09:45:11","slug":"tourne-mold-large","status":"publish","type":"product","link":"https:\/\/mb.moldbrothers.com\/fr\/produit\/tourne-mold-large\/","title":{"rendered":"Tourn\u00e9 Mold Large"},"content":{"rendered":"","protected":false},"excerpt":{"rendered":"<p>Un moule en silicone de haute qualit\u00e9 avec une forme inspir\u00e9e d'un grand Tourn\u00e9. Le moule contient 4 formes et est fabriqu\u00e9 en silicone alimentaire 100%.<\/p>\n<p>Le moule peut supporter une temp\u00e9rature comprise entre -40 \u00b0C et +200 \u00b0C. Le moule convient donc aussi bien au cong\u00e9lateur (choc) qu&#039;au four.<\/p>","protected":false},"featured_media":153635,"template":"","meta":{"_seopress_robots_primary_cat":"none","_seopress_titles_title":"","_seopress_titles_desc":"","_seopress_robots_index":""},"product_brand":[],"product_cat":[159,229,184],"product_tag":[504,1007,1006,999,559,607,565,1005,1003,1000,1008,1002,500],"class_list":{"0":"post-153654","1":"product","2":"type-product","3":"status-publish","4":"has-post-thumbnail","6":"product_cat-3dmolds","7":"product_cat-abstract","8":"product_cat-highlighted-products","9":"product_tag-christmas","10":"product_tag-joulou","11":"product_tag-jul","12":"product_tag-merry","13":"product_tag-moule","14":"product_tag-mous","15":"product_tag-mousse","16":"product_tag-natal","17":"product_tag-navidad","18":"product_tag-noel","19":"product_tag-snowflake","20":"product_tag-weihnachten","21":"product_tag-winter","23":"first","24":"instock","25":"taxable","26":"shipping-taxable","27":"purchasable","28":"product-type-simple"},"_links":{"self":[{"href":"https:\/\/mb.moldbrothers.com\/fr\/wp-json\/wp\/v2\/product\/153654"}],"collection":[{"href":"https:\/\/mb.moldbrothers.com\/fr\/wp-json\/wp\/v2\/product"}],"about":[{"href":"https:\/\/mb.moldbrothers.com\/fr\/wp-json\/wp\/v2\/types\/product"}],"wp:featuredmedia":[{"embeddable":true,"href":"https:\/\/mb.moldbrothers.com\/fr\/wp-json\/wp\/v2\/media\/153635"}],"wp:attachment":[{"href":"https:\/\/mb.moldbrothers.com\/fr\/wp-json\/wp\/v2\/media?parent=153654"}],"wp:term":[{"taxonomy":"product_brand","embeddable":true,"href":"https:\/\/mb.moldbrothers.com\/fr\/wp-json\/wp\/v2\/product_brand?post=153654"},{"taxonomy":"product_cat","embeddable":true,"href":"https:\/\/mb.moldbrothers.com\/fr\/wp-json\/wp\/v2\/product_cat?post=153654"},{"taxonomy":"product_tag","embeddable":true,"href":"https:\/\/mb.moldbrothers.com\/fr\/wp-json\/wp\/v2\/product_tag?post=153654"}],"curies":[{"name":"wp","href":"https:\/\/api.w.org\/{rel}","templated":true}]}}