{"id":157632,"date":"2024-01-09T14:00:00","date_gmt":"2024-01-09T13:00:00","guid":{"rendered":"https:\/\/shop.moldbrothers.com\/?post_type=product&#038;p=157632"},"modified":"2025-12-05T10:40:32","modified_gmt":"2025-12-05T09:40:32","slug":"moule-a-lauge-tuille-4","status":"publish","type":"product","link":"https:\/\/mb.moldbrothers.com\/fr\/produit\/moule-a-lauge-tuille-4\/","title":{"rendered":"Bloma Tuille Mold"},"content":{"rendered":"","protected":false},"excerpt":{"rendered":"<p>Un moule en silicone de haute qualit\u00e9 en forme de Flower Based Tuille. Le moule contient 6 formes et est fabriqu\u00e9 en silicone de qualit\u00e9 alimentaire 100%.<\/p>\n<p>Le moule peut supporter une temp\u00e9rature comprise entre -40 \u00b0C et +200 \u00b0C. Le moule convient donc aussi bien au cong\u00e9lateur (choc) qu&#039;au four.<\/p>","protected":false},"featured_media":157642,"template":"","meta":{"_seopress_robots_primary_cat":"none","_seopress_titles_title":"","_seopress_titles_desc":"","_seopress_robots_index":""},"product_brand":[],"product_cat":[228,203],"product_tag":[594,495,558,519],"class_list":{"0":"post-157632","1":"product","2":"type-product","3":"status-publish","4":"has-post-thumbnail","6":"product_cat-2dmolds","7":"product_cat-graphic","8":"product_tag-nordic","9":"product_tag-tuile","10":"product_tag-tuille","11":"product_tag-tuille-forme","13":"first","14":"instock","15":"taxable","16":"shipping-taxable","17":"purchasable","18":"product-type-simple"},"_links":{"self":[{"href":"https:\/\/mb.moldbrothers.com\/fr\/wp-json\/wp\/v2\/product\/157632"}],"collection":[{"href":"https:\/\/mb.moldbrothers.com\/fr\/wp-json\/wp\/v2\/product"}],"about":[{"href":"https:\/\/mb.moldbrothers.com\/fr\/wp-json\/wp\/v2\/types\/product"}],"wp:featuredmedia":[{"embeddable":true,"href":"https:\/\/mb.moldbrothers.com\/fr\/wp-json\/wp\/v2\/media\/157642"}],"wp:attachment":[{"href":"https:\/\/mb.moldbrothers.com\/fr\/wp-json\/wp\/v2\/media?parent=157632"}],"wp:term":[{"taxonomy":"product_brand","embeddable":true,"href":"https:\/\/mb.moldbrothers.com\/fr\/wp-json\/wp\/v2\/product_brand?post=157632"},{"taxonomy":"product_cat","embeddable":true,"href":"https:\/\/mb.moldbrothers.com\/fr\/wp-json\/wp\/v2\/product_cat?post=157632"},{"taxonomy":"product_tag","embeddable":true,"href":"https:\/\/mb.moldbrothers.com\/fr\/wp-json\/wp\/v2\/product_tag?post=157632"}],"curies":[{"name":"wp","href":"https:\/\/api.w.org\/{rel}","templated":true}]}}