{"id":162357,"date":"2024-04-04T11:56:00","date_gmt":"2024-04-04T09:56:00","guid":{"rendered":"https:\/\/shop.moldbrothers.com\/?post_type=product&#038;p=162357"},"modified":"2025-12-05T09:51:02","modified_gmt":"2025-12-05T08:51:02","slug":"blossom-ring","status":"publish","type":"product","link":"https:\/\/mb.moldbrothers.com\/fr\/produit\/blossom-ring\/","title":{"rendered":"Tuille Blossom Ring Mold"},"content":{"rendered":"","protected":false},"excerpt":{"rendered":"<p>Un moule en silicone de haute qualit\u00e9, inspir\u00e9 par les fleurs du printemps. Fabriqu\u00e9 en silicone alimentaire 100%, ce moule pr\u00e9sente une forme singuli\u00e8re.<\/p>\n<p>Capable de supporter des temp\u00e9ratures allant de -40\u00b0C \u00e0 +200\u00b0C, il est id\u00e9al pour une utilisation dans les cong\u00e9lateurs (chocs) et les fours.<\/p>","protected":false},"featured_media":162417,"template":"","meta":{"_seopress_robots_primary_cat":"none","_seopress_titles_title":"","_seopress_titles_desc":"","_seopress_robots_index":""},"product_brand":[],"product_cat":[228,237],"product_tag":[821,803,822,520,806,494],"class_list":{"0":"post-162357","1":"product","2":"type-product","3":"status-publish","4":"has-post-thumbnail","6":"product_cat-2dmolds","7":"product_cat-natural","8":"product_tag-bloom","9":"product_tag-blossom","10":"product_tag-grid","11":"product_tag-ring","12":"product_tag-sakura","13":"product_tag-spring","15":"first","16":"instock","17":"taxable","18":"shipping-taxable","19":"purchasable","20":"product-type-simple"},"_links":{"self":[{"href":"https:\/\/mb.moldbrothers.com\/fr\/wp-json\/wp\/v2\/product\/162357"}],"collection":[{"href":"https:\/\/mb.moldbrothers.com\/fr\/wp-json\/wp\/v2\/product"}],"about":[{"href":"https:\/\/mb.moldbrothers.com\/fr\/wp-json\/wp\/v2\/types\/product"}],"wp:featuredmedia":[{"embeddable":true,"href":"https:\/\/mb.moldbrothers.com\/fr\/wp-json\/wp\/v2\/media\/162417"}],"wp:attachment":[{"href":"https:\/\/mb.moldbrothers.com\/fr\/wp-json\/wp\/v2\/media?parent=162357"}],"wp:term":[{"taxonomy":"product_brand","embeddable":true,"href":"https:\/\/mb.moldbrothers.com\/fr\/wp-json\/wp\/v2\/product_brand?post=162357"},{"taxonomy":"product_cat","embeddable":true,"href":"https:\/\/mb.moldbrothers.com\/fr\/wp-json\/wp\/v2\/product_cat?post=162357"},{"taxonomy":"product_tag","embeddable":true,"href":"https:\/\/mb.moldbrothers.com\/fr\/wp-json\/wp\/v2\/product_tag?post=162357"}],"curies":[{"name":"wp","href":"https:\/\/api.w.org\/{rel}","templated":true}]}}