{"id":162360,"date":"2024-04-04T11:59:00","date_gmt":"2024-04-04T09:59:00","guid":{"rendered":"https:\/\/shop.moldbrothers.com\/?post_type=product&#038;p=162360"},"modified":"2025-12-05T09:50:42","modified_gmt":"2025-12-05T08:50:42","slug":"spring-flower-molds","status":"publish","type":"product","link":"https:\/\/mb.moldbrothers.com\/fr\/produit\/spring-flower-molds\/","title":{"rendered":"Fleur de printemps Tuille Molds"},"content":{"rendered":"","protected":false},"excerpt":{"rendered":"<p>Moules en silicone de haute qualit\u00e9 en forme de fleurs de jasmin, de violette et de primev\u00e8re. Chaque moule comporte 5 formes et est fabriqu\u00e9 en silicone alimentaire 100%.<\/p>\n<p>Con\u00e7u pour supporter des temp\u00e9ratures allant de -40\u00b0C \u00e0 +200\u00b0C, ce moule peut \u00eatre utilis\u00e9 aussi bien dans des cong\u00e9lateurs \u00e0 chocs que dans des fours.<\/p>","protected":false},"featured_media":162447,"template":"","meta":{"_seopress_robots_primary_cat":"none","_seopress_titles_title":"","_seopress_titles_desc":"","_seopress_robots_index":""},"product_brand":[],"product_cat":[228,237],"product_tag":[821,828,524,578,826,827,494,558],"class_list":{"0":"post-162360","1":"product","2":"type-product","3":"status-publish","4":"has-post-thumbnail","6":"product_cat-2dmolds","7":"product_cat-natural","8":"product_tag-bloom","9":"product_tag-flora","10":"product_tag-flower","11":"product_tag-flowers","12":"product_tag-mini","13":"product_tag-small","14":"product_tag-spring","15":"product_tag-tuille","17":"first","18":"instock","19":"sale","20":"taxable","21":"shipping-taxable","22":"product-type-grouped"},"_links":{"self":[{"href":"https:\/\/mb.moldbrothers.com\/fr\/wp-json\/wp\/v2\/product\/162360"}],"collection":[{"href":"https:\/\/mb.moldbrothers.com\/fr\/wp-json\/wp\/v2\/product"}],"about":[{"href":"https:\/\/mb.moldbrothers.com\/fr\/wp-json\/wp\/v2\/types\/product"}],"wp:featuredmedia":[{"embeddable":true,"href":"https:\/\/mb.moldbrothers.com\/fr\/wp-json\/wp\/v2\/media\/162447"}],"wp:attachment":[{"href":"https:\/\/mb.moldbrothers.com\/fr\/wp-json\/wp\/v2\/media?parent=162360"}],"wp:term":[{"taxonomy":"product_brand","embeddable":true,"href":"https:\/\/mb.moldbrothers.com\/fr\/wp-json\/wp\/v2\/product_brand?post=162360"},{"taxonomy":"product_cat","embeddable":true,"href":"https:\/\/mb.moldbrothers.com\/fr\/wp-json\/wp\/v2\/product_cat?post=162360"},{"taxonomy":"product_tag","embeddable":true,"href":"https:\/\/mb.moldbrothers.com\/fr\/wp-json\/wp\/v2\/product_tag?post=162360"}],"curies":[{"name":"wp","href":"https:\/\/api.w.org\/{rel}","templated":true}]}}