{"id":163623,"date":"2024-04-26T13:39:34","date_gmt":"2024-04-26T11:39:34","guid":{"rendered":"https:\/\/shop.moldbrothers.com\/?post_type=product&#038;p=163623"},"modified":"2025-12-05T09:50:15","modified_gmt":"2025-12-05T08:50:15","slug":"ribble-tartelette-mold","status":"publish","type":"product","link":"https:\/\/mb.moldbrothers.com\/fr\/produit\/ribble-tartelette-mold\/","title":{"rendered":"Ribble Tartelette Mold Small"},"content":{"rendered":"","protected":false},"excerpt":{"rendered":"<p>Un silicone de haute qualit\u00e9 pour r\u00e9aliser une tartelette en forme de ruban. Le moule comporte quatre formes, toutes fabriqu\u00e9es en silicone alimentaire 100%.<\/p>\n<p>Ce moule est capable de r\u00e9sister \u00e0 des temp\u00e9ratures allant de -40\u00b0C \u00e0 +200\u00b0C, ce qui permet de l'utiliser aussi bien dans les cong\u00e9lateurs (chocs) que dans les fours.<\/p>","protected":false},"featured_media":163620,"template":"","meta":{"_seopress_robots_primary_cat":"none","_seopress_titles_title":"","_seopress_titles_desc":"","_seopress_robots_index":""},"product_brand":[],"product_cat":[913,184],"product_tag":[759,802,757,1035,755,758,756],"class_list":{"0":"post-163623","1":"product","2":"type-product","3":"status-publish","4":"has-post-thumbnail","6":"product_cat-tartelette-molds","7":"product_cat-highlighted-products","8":"product_tag-dough","9":"product_tag-original","10":"product_tag-tart","11":"product_tag-tartalette","12":"product_tag-tartelette","13":"product_tag-tartellete","14":"product_tag-tartellette","16":"first","17":"instock","18":"taxable","19":"shipping-taxable","20":"purchasable","21":"product-type-simple"},"_links":{"self":[{"href":"https:\/\/mb.moldbrothers.com\/fr\/wp-json\/wp\/v2\/product\/163623"}],"collection":[{"href":"https:\/\/mb.moldbrothers.com\/fr\/wp-json\/wp\/v2\/product"}],"about":[{"href":"https:\/\/mb.moldbrothers.com\/fr\/wp-json\/wp\/v2\/types\/product"}],"wp:featuredmedia":[{"embeddable":true,"href":"https:\/\/mb.moldbrothers.com\/fr\/wp-json\/wp\/v2\/media\/163620"}],"wp:attachment":[{"href":"https:\/\/mb.moldbrothers.com\/fr\/wp-json\/wp\/v2\/media?parent=163623"}],"wp:term":[{"taxonomy":"product_brand","embeddable":true,"href":"https:\/\/mb.moldbrothers.com\/fr\/wp-json\/wp\/v2\/product_brand?post=163623"},{"taxonomy":"product_cat","embeddable":true,"href":"https:\/\/mb.moldbrothers.com\/fr\/wp-json\/wp\/v2\/product_cat?post=163623"},{"taxonomy":"product_tag","embeddable":true,"href":"https:\/\/mb.moldbrothers.com\/fr\/wp-json\/wp\/v2\/product_tag?post=163623"}],"curies":[{"name":"wp","href":"https:\/\/api.w.org\/{rel}","templated":true}]}}