{"id":163783,"date":"2025-01-01T14:22:00","date_gmt":"2025-01-01T13:22:00","guid":{"rendered":"https:\/\/shop.moldbrothers.com\/?post_type=product&#038;p=163783"},"modified":"2025-12-05T09:36:10","modified_gmt":"2025-12-05T08:36:10","slug":"single-taco-holder","status":"publish","type":"product","link":"https:\/\/mb.moldbrothers.com\/fr\/produit\/single-taco-holder\/","title":{"rendered":"Porte-taco simple"},"content":{"rendered":"","protected":false},"excerpt":{"rendered":"<p>Porte-taco en bois de haute qualit\u00e9, fabriqu\u00e9 \u00e0 la main en bois de ch\u00eane 100%.<\/p>\n<p>Les porte-taco sont <strong>pas<\/strong> passe au lave-vaisselle et doit \u00eatre rinc\u00e9 sous l&#039;eau courante ti\u00e8de.<\/p>","protected":false},"featured_media":163788,"template":"","meta":{"_seopress_robots_primary_cat":"none","_seopress_titles_title":"","_seopress_titles_desc":"","_seopress_robots_index":""},"product_brand":[],"product_cat":[238],"product_tag":[713,540,899,898,505],"class_list":{"0":"post-163783","1":"product","2":"type-product","3":"status-publish","4":"has-post-thumbnail","6":"product_cat-presentables","7":"product_tag-cylinder","8":"product_tag-holder","9":"product_tag-linea","10":"product_tag-maya","11":"product_tag-taco","13":"first","14":"instock","15":"taxable","16":"shipping-taxable","17":"purchasable","18":"product-type-simple"},"_links":{"self":[{"href":"https:\/\/mb.moldbrothers.com\/fr\/wp-json\/wp\/v2\/product\/163783"}],"collection":[{"href":"https:\/\/mb.moldbrothers.com\/fr\/wp-json\/wp\/v2\/product"}],"about":[{"href":"https:\/\/mb.moldbrothers.com\/fr\/wp-json\/wp\/v2\/types\/product"}],"wp:featuredmedia":[{"embeddable":true,"href":"https:\/\/mb.moldbrothers.com\/fr\/wp-json\/wp\/v2\/media\/163788"}],"wp:attachment":[{"href":"https:\/\/mb.moldbrothers.com\/fr\/wp-json\/wp\/v2\/media?parent=163783"}],"wp:term":[{"taxonomy":"product_brand","embeddable":true,"href":"https:\/\/mb.moldbrothers.com\/fr\/wp-json\/wp\/v2\/product_brand?post=163783"},{"taxonomy":"product_cat","embeddable":true,"href":"https:\/\/mb.moldbrothers.com\/fr\/wp-json\/wp\/v2\/product_cat?post=163783"},{"taxonomy":"product_tag","embeddable":true,"href":"https:\/\/mb.moldbrothers.com\/fr\/wp-json\/wp\/v2\/product_tag?post=163783"}],"curies":[{"name":"wp","href":"https:\/\/api.w.org\/{rel}","templated":true}]}}