{"id":163791,"date":"2024-05-01T14:37:51","date_gmt":"2024-05-01T12:37:51","guid":{"rendered":"https:\/\/shop.moldbrothers.com\/?post_type=product&#038;p=163791"},"modified":"2025-12-05T09:49:58","modified_gmt":"2025-12-05T08:49:58","slug":"realistic-fishbone-tuille-mold","status":"publish","type":"product","link":"https:\/\/mb.moldbrothers.com\/fr\/produit\/realistic-fishbone-tuille-mold\/","title":{"rendered":"Ar\u00eate de poisson r\u00e9aliste Tuille Mold"},"content":{"rendered":"","protected":false},"excerpt":{"rendered":"<p>Un moule en silicone de haute qualit\u00e9 en forme d'ar\u00eate de poisson, avec des d\u00e9tails incroyables pour plus de r\u00e9alisme. Le moule comporte 5 formes, toutes fabriqu\u00e9es en silicone alimentaire 100%.<\/p>\n<p>Ce moule est capable de r\u00e9sister \u00e0 des temp\u00e9ratures allant de -40\u00b0C \u00e0 +200\u00b0C, ce qui permet de l'utiliser aussi bien dans les cong\u00e9lateurs (chocs) que dans les fours.<\/p>\n<p><em>*Plat de Thijs Meliefste du restaurant Meliefste*.<\/em><\/p>","protected":false},"featured_media":163797,"template":"","meta":{"_seopress_robots_primary_cat":"none","_seopress_titles_title":"","_seopress_titles_desc":"","_seopress_robots_index":""},"product_brand":[],"product_cat":[456,228,237,184],"product_tag":[577,605,497,902,498,496],"class_list":{"0":"post-163791","1":"product","2":"type-product","3":"status-publish","4":"has-post-thumbnail","6":"product_cat-highlights","7":"product_cat-2dmolds","8":"product_cat-natural","9":"product_cat-highlighted-products","10":"product_tag-bone","11":"product_tag-cod","12":"product_tag-fish","13":"product_tag-mackerel","14":"product_tag-sea","15":"product_tag-vis","17":"first","18":"instock","19":"taxable","20":"shipping-taxable","21":"purchasable","22":"product-type-simple"},"_links":{"self":[{"href":"https:\/\/mb.moldbrothers.com\/fr\/wp-json\/wp\/v2\/product\/163791"}],"collection":[{"href":"https:\/\/mb.moldbrothers.com\/fr\/wp-json\/wp\/v2\/product"}],"about":[{"href":"https:\/\/mb.moldbrothers.com\/fr\/wp-json\/wp\/v2\/types\/product"}],"wp:featuredmedia":[{"embeddable":true,"href":"https:\/\/mb.moldbrothers.com\/fr\/wp-json\/wp\/v2\/media\/163797"}],"wp:attachment":[{"href":"https:\/\/mb.moldbrothers.com\/fr\/wp-json\/wp\/v2\/media?parent=163791"}],"wp:term":[{"taxonomy":"product_brand","embeddable":true,"href":"https:\/\/mb.moldbrothers.com\/fr\/wp-json\/wp\/v2\/product_brand?post=163791"},{"taxonomy":"product_cat","embeddable":true,"href":"https:\/\/mb.moldbrothers.com\/fr\/wp-json\/wp\/v2\/product_cat?post=163791"},{"taxonomy":"product_tag","embeddable":true,"href":"https:\/\/mb.moldbrothers.com\/fr\/wp-json\/wp\/v2\/product_tag?post=163791"}],"curies":[{"name":"wp","href":"https:\/\/api.w.org\/{rel}","templated":true}]}}