{"id":165592,"date":"2024-07-03T17:21:52","date_gmt":"2024-07-03T15:21:52","guid":{"rendered":"https:\/\/shop.moldbrothers.com\/?post_type=product&#038;p=165592"},"modified":"2025-12-05T09:47:23","modified_gmt":"2025-12-05T08:47:23","slug":"wooden-potholder","status":"publish","type":"product","link":"https:\/\/mb.moldbrothers.com\/fr\/produit\/wooden-potholder\/","title":{"rendered":"PacoHolder en bois"},"content":{"rendered":"","protected":false},"excerpt":{"rendered":"<p>Am\u00e9liorez l'exp\u00e9rience culinaire de vos invit\u00e9s gr\u00e2ce \u00e0 notre nouveau support en bois de haute qualit\u00e9, con\u00e7u pour votre r\u00e9cipient \u00e0 glace en m\u00e9tal. Ce magnifique support permet \u00e0 votre table de service d'\u00eatre \u00e9l\u00e9gante et organis\u00e9e. L'insert antid\u00e9rapant permet au r\u00e9cipient en m\u00e9tal de rester en place.<\/p>\n<p>Fabriqu\u00e9 \u00e0 la main aux Pays-Bas en bois de ch\u00eane 100%, ce support est \u00e0 la fois durable et \u00e9l\u00e9gant. Il ne passe pas au lave-vaisselle ; il suffit de le rincer \u00e0 l'eau ti\u00e8de pour le nettoyer.<\/p>\n<p>*Le gobelet en acier n'est qu'une illustration, vous ne recevrez que le support en bois.<\/p>","protected":false},"featured_media":165559,"template":"","meta":{"_seopress_robots_primary_cat":"none","_seopress_titles_title":"","_seopress_titles_desc":"","_seopress_robots_index":""},"product_brand":[],"product_cat":[238],"product_tag":[935,936,691,937,934,550,933],"class_list":{"0":"post-165592","1":"product","2":"type-product","3":"status-publish","4":"has-post-thumbnail","6":"product_cat-presentables","7":"product_tag-espuma","8":"product_tag-oak","9":"product_tag-pacojet","10":"product_tag-pacopot","11":"product_tag-syphon","12":"product_tag-wood","13":"product_tag-wooden","15":"first","16":"instock","17":"taxable","18":"shipping-taxable","19":"purchasable","20":"product-type-simple"},"_links":{"self":[{"href":"https:\/\/mb.moldbrothers.com\/fr\/wp-json\/wp\/v2\/product\/165592"}],"collection":[{"href":"https:\/\/mb.moldbrothers.com\/fr\/wp-json\/wp\/v2\/product"}],"about":[{"href":"https:\/\/mb.moldbrothers.com\/fr\/wp-json\/wp\/v2\/types\/product"}],"wp:featuredmedia":[{"embeddable":true,"href":"https:\/\/mb.moldbrothers.com\/fr\/wp-json\/wp\/v2\/media\/165559"}],"wp:attachment":[{"href":"https:\/\/mb.moldbrothers.com\/fr\/wp-json\/wp\/v2\/media?parent=165592"}],"wp:term":[{"taxonomy":"product_brand","embeddable":true,"href":"https:\/\/mb.moldbrothers.com\/fr\/wp-json\/wp\/v2\/product_brand?post=165592"},{"taxonomy":"product_cat","embeddable":true,"href":"https:\/\/mb.moldbrothers.com\/fr\/wp-json\/wp\/v2\/product_cat?post=165592"},{"taxonomy":"product_tag","embeddable":true,"href":"https:\/\/mb.moldbrothers.com\/fr\/wp-json\/wp\/v2\/product_tag?post=165592"}],"curies":[{"name":"wp","href":"https:\/\/api.w.org\/{rel}","templated":true}]}}