{"id":166887,"date":"2024-07-17T13:09:20","date_gmt":"2024-07-17T11:09:20","guid":{"rendered":"https:\/\/shop.moldbrothers.com\/?post_type=product&#038;p=166887"},"modified":"2026-01-07T16:13:16","modified_gmt":"2026-01-07T15:13:16","slug":"realistic-oyster-pie-tee","status":"publish","type":"product","link":"https:\/\/mb.moldbrothers.com\/fr\/produit\/realistic-oyster-pie-tee\/","title":{"rendered":"Tee-shirt r\u00e9aliste Oyster Pie"},"content":{"rendered":"","protected":false},"excerpt":{"rendered":"<p>Tampon en aluminium de haute qualit\u00e9 en forme d'hu\u00eetre r\u00e9aliste. Ce moule \u00e0 tarte en aluminium est parfait pour les pr\u00e9parations chaudes et froides. Ce moule peut \u00eatre utilis\u00e9 pour r\u00e9aliser des tartelettes \u00e0 la p\u00e2te croustillante qui peuvent \u00eatre remplies par la suite.<\/p>","protected":false},"featured_media":166888,"template":"","meta":{"_seopress_robots_primary_cat":"none","_seopress_titles_title":"","_seopress_titles_desc":"","_seopress_robots_index":""},"product_brand":[],"product_cat":[456,362,184],"product_tag":[507,1027,508,523,602,766,1023,912,1022,497,524,1026,1025,595,1018,1028,599,676,1019,1020,639,498,1024,596,757,1021,598,597],"class_list":{"0":"post-166887","1":"product","2":"type-product","3":"status-publish","4":"has-post-thumbnail","6":"product_cat-highlights","7":"product_cat-bunuelos-pie-tee","8":"product_cat-highlighted-products","9":"product_tag-batter","10":"product_tag-beignets","11":"product_tag-beslag","12":"product_tag-bloem","13":"product_tag-bunuelos","14":"product_tag-coral","15":"product_tag-crisp","16":"product_tag-croustade","17":"product_tag-crust","18":"product_tag-fish","19":"product_tag-flower","20":"product_tag-fried","21":"product_tag-fritters","22":"product_tag-fry","23":"product_tag-iron","24":"product_tag-mussel","25":"product_tag-oil","26":"product_tag-oyster","27":"product_tag-pee-tee","28":"product_tag-pie","29":"product_tag-rosette","30":"product_tag-sea","31":"product_tag-shell","32":"product_tag-stamp","33":"product_tag-tart","34":"product_tag-tie","35":"product_tag-tool","36":"product_tag-tools","38":"first","39":"instock","40":"taxable","41":"shipping-taxable","42":"purchasable","43":"product-type-simple"},"_links":{"self":[{"href":"https:\/\/mb.moldbrothers.com\/fr\/wp-json\/wp\/v2\/product\/166887"}],"collection":[{"href":"https:\/\/mb.moldbrothers.com\/fr\/wp-json\/wp\/v2\/product"}],"about":[{"href":"https:\/\/mb.moldbrothers.com\/fr\/wp-json\/wp\/v2\/types\/product"}],"wp:featuredmedia":[{"embeddable":true,"href":"https:\/\/mb.moldbrothers.com\/fr\/wp-json\/wp\/v2\/media\/166888"}],"wp:attachment":[{"href":"https:\/\/mb.moldbrothers.com\/fr\/wp-json\/wp\/v2\/media?parent=166887"}],"wp:term":[{"taxonomy":"product_brand","embeddable":true,"href":"https:\/\/mb.moldbrothers.com\/fr\/wp-json\/wp\/v2\/product_brand?post=166887"},{"taxonomy":"product_cat","embeddable":true,"href":"https:\/\/mb.moldbrothers.com\/fr\/wp-json\/wp\/v2\/product_cat?post=166887"},{"taxonomy":"product_tag","embeddable":true,"href":"https:\/\/mb.moldbrothers.com\/fr\/wp-json\/wp\/v2\/product_tag?post=166887"}],"curies":[{"name":"wp","href":"https:\/\/api.w.org\/{rel}","templated":true}]}}