{"id":167700,"date":"2025-03-01T15:44:00","date_gmt":"2025-03-01T14:44:00","guid":{"rendered":"https:\/\/shop.moldbrothers.com\/?post_type=product&#038;p=167700"},"modified":"2025-12-05T09:14:52","modified_gmt":"2025-12-05T08:14:52","slug":"triple-beignet-stamp","status":"publish","type":"product","link":"https:\/\/mb.moldbrothers.com\/fr\/produit\/triple-beignet-stamp\/","title":{"rendered":"Tampon \u00e0 triple b\u00e9li\u00e8re"},"content":{"rendered":"","protected":false},"excerpt":{"rendered":"<p>Un tampon en acier inoxydable de haute qualit\u00e9 pour faire trois beignets \u00e0 la fois ! Ce tampon \u00e0 tarte en m\u00e9tal, fabriqu\u00e9 aux Pays-Bas, est parfait pour les pr\u00e9parations chaudes et froides. Ce tampon permet de r\u00e9aliser des beignets \u00e0 la p\u00e2te croustillante qui peuvent \u00eatre fourr\u00e9s avant et finis apr\u00e8s.<\/p>","protected":false},"featured_media":167703,"template":"","meta":{"_seopress_robots_primary_cat":"none","_seopress_titles_title":"","_seopress_titles_desc":"","_seopress_robots_index":""},"product_brand":[],"product_cat":[456,362],"product_tag":[507,1027,508,523,602,1023,912,1022,1010,1026,1025,595,1018,599,1019,1020,639,1024,596,757,1021,598,597],"class_list":{"0":"post-167700","1":"product","2":"type-product","3":"status-publish","4":"has-post-thumbnail","6":"product_cat-highlights","7":"product_cat-bunuelos-pie-tee","8":"product_tag-batter","9":"product_tag-beignets","10":"product_tag-beslag","11":"product_tag-bloem","12":"product_tag-bunuelos","13":"product_tag-crisp","14":"product_tag-croustade","15":"product_tag-crust","16":"product_tag-fluffy","17":"product_tag-fried","18":"product_tag-fritters","19":"product_tag-fry","20":"product_tag-iron","21":"product_tag-oil","22":"product_tag-pee-tee","23":"product_tag-pie","24":"product_tag-rosette","25":"product_tag-shell","26":"product_tag-stamp","27":"product_tag-tart","28":"product_tag-tie","29":"product_tag-tool","30":"product_tag-tools","32":"first","33":"instock","34":"taxable","35":"shipping-taxable","36":"purchasable","37":"product-type-simple"},"_links":{"self":[{"href":"https:\/\/mb.moldbrothers.com\/fr\/wp-json\/wp\/v2\/product\/167700"}],"collection":[{"href":"https:\/\/mb.moldbrothers.com\/fr\/wp-json\/wp\/v2\/product"}],"about":[{"href":"https:\/\/mb.moldbrothers.com\/fr\/wp-json\/wp\/v2\/types\/product"}],"wp:featuredmedia":[{"embeddable":true,"href":"https:\/\/mb.moldbrothers.com\/fr\/wp-json\/wp\/v2\/media\/167703"}],"wp:attachment":[{"href":"https:\/\/mb.moldbrothers.com\/fr\/wp-json\/wp\/v2\/media?parent=167700"}],"wp:term":[{"taxonomy":"product_brand","embeddable":true,"href":"https:\/\/mb.moldbrothers.com\/fr\/wp-json\/wp\/v2\/product_brand?post=167700"},{"taxonomy":"product_cat","embeddable":true,"href":"https:\/\/mb.moldbrothers.com\/fr\/wp-json\/wp\/v2\/product_cat?post=167700"},{"taxonomy":"product_tag","embeddable":true,"href":"https:\/\/mb.moldbrothers.com\/fr\/wp-json\/wp\/v2\/product_tag?post=167700"}],"curies":[{"name":"wp","href":"https:\/\/api.w.org\/{rel}","templated":true}]}}