{"id":168947,"date":"2024-09-06T15:00:00","date_gmt":"2024-09-06T13:00:00","guid":{"rendered":"https:\/\/shop.moldbrothers.com\/?post_type=product&#038;p=168947"},"modified":"2025-12-05T09:44:32","modified_gmt":"2025-12-05T08:44:32","slug":"wheatfield","status":"publish","type":"product","link":"https:\/\/mb.moldbrothers.com\/fr\/produit\/wheatfield\/","title":{"rendered":"Wheatfield Tuille Mold"},"content":{"rendered":"","protected":false},"excerpt":{"rendered":"<p>Un moule en silicone de haute qualit\u00e9 avec un design r\u00e9aliste de champ de bl\u00e9. Le moule contient une seule forme et est fabriqu\u00e9 en silicone alimentaire 100%.<\/p>\n<p>Ce moule est capable de r\u00e9sister \u00e0 des temp\u00e9ratures allant de -40\u00b0C \u00e0 +200\u00b0C, ce qui permet de l'utiliser aussi bien dans les cong\u00e9lateurs (y compris les cong\u00e9lateurs \u00e0 air puls\u00e9) que dans les fours.<\/p>","protected":false},"featured_media":168992,"template":"","meta":{"_seopress_robots_primary_cat":"none","_seopress_titles_title":"","_seopress_titles_desc":"","_seopress_robots_index":""},"product_brand":[],"product_cat":[228,237,184],"product_tag":[783,805,845,932],"class_list":{"0":"post-168947","1":"product","2":"type-product","3":"status-publish","4":"has-post-thumbnail","6":"product_cat-2dmolds","7":"product_cat-natural","8":"product_cat-highlighted-products","9":"product_tag-grain","10":"product_tag-realistic","11":"product_tag-wheat","12":"product_tag-woven","14":"first","15":"instock","16":"taxable","17":"shipping-taxable","18":"purchasable","19":"product-type-simple"},"_links":{"self":[{"href":"https:\/\/mb.moldbrothers.com\/fr\/wp-json\/wp\/v2\/product\/168947"}],"collection":[{"href":"https:\/\/mb.moldbrothers.com\/fr\/wp-json\/wp\/v2\/product"}],"about":[{"href":"https:\/\/mb.moldbrothers.com\/fr\/wp-json\/wp\/v2\/types\/product"}],"wp:featuredmedia":[{"embeddable":true,"href":"https:\/\/mb.moldbrothers.com\/fr\/wp-json\/wp\/v2\/media\/168992"}],"wp:attachment":[{"href":"https:\/\/mb.moldbrothers.com\/fr\/wp-json\/wp\/v2\/media?parent=168947"}],"wp:term":[{"taxonomy":"product_brand","embeddable":true,"href":"https:\/\/mb.moldbrothers.com\/fr\/wp-json\/wp\/v2\/product_brand?post=168947"},{"taxonomy":"product_cat","embeddable":true,"href":"https:\/\/mb.moldbrothers.com\/fr\/wp-json\/wp\/v2\/product_cat?post=168947"},{"taxonomy":"product_tag","embeddable":true,"href":"https:\/\/mb.moldbrothers.com\/fr\/wp-json\/wp\/v2\/product_tag?post=168947"}],"curies":[{"name":"wp","href":"https:\/\/api.w.org\/{rel}","templated":true}]}}