{"id":169823,"date":"2024-09-23T11:55:00","date_gmt":"2024-09-23T09:55:00","guid":{"rendered":"https:\/\/shop.moldbrothers.com\/?post_type=product&#038;p=169823"},"modified":"2025-12-05T09:42:51","modified_gmt":"2025-12-05T08:42:51","slug":"autumn-tuille-sheet-set","status":"publish","type":"product","link":"https:\/\/mb.moldbrothers.com\/fr\/produit\/autumn-tuille-sheet-set\/","title":{"rendered":"Drap Tuille Automne Molds"},"content":{"rendered":"<p><\/p><p><\/p><p><\/p>","protected":false},"excerpt":{"rendered":"<p>Un moule en silicone de haute qualit\u00e9 en forme de feuille d'\u00e9rable, de ch\u00e2taignier et de ch\u00eane. Les moules comportent chacun 30 formes. Ces moules en silicone sont fabriqu\u00e9s en silicone alimentaire 100%.<\/p>\n<p>Il peut r\u00e9sister \u00e0 des temp\u00e9ratures allant de -40\u00b0C \u00e0 +200\u00b0C, ce qui permet de l'utiliser aussi bien dans les cong\u00e9lateurs (chocs) que dans les fours.<\/p>","protected":false},"featured_media":169861,"template":"","meta":{"_seopress_robots_primary_cat":"none","_seopress_titles_title":"","_seopress_titles_desc":"","_seopress_robots_index":""},"product_brand":[],"product_cat":[228,237,184],"product_tag":[],"class_list":{"0":"post-169823","1":"product","2":"type-product","3":"status-publish","4":"has-post-thumbnail","6":"product_cat-2dmolds","7":"product_cat-natural","8":"product_cat-highlighted-products","10":"first","11":"instock","12":"sale","13":"taxable","14":"shipping-taxable","15":"product-type-grouped"},"_links":{"self":[{"href":"https:\/\/mb.moldbrothers.com\/fr\/wp-json\/wp\/v2\/product\/169823"}],"collection":[{"href":"https:\/\/mb.moldbrothers.com\/fr\/wp-json\/wp\/v2\/product"}],"about":[{"href":"https:\/\/mb.moldbrothers.com\/fr\/wp-json\/wp\/v2\/types\/product"}],"wp:featuredmedia":[{"embeddable":true,"href":"https:\/\/mb.moldbrothers.com\/fr\/wp-json\/wp\/v2\/media\/169861"}],"wp:attachment":[{"href":"https:\/\/mb.moldbrothers.com\/fr\/wp-json\/wp\/v2\/media?parent=169823"}],"wp:term":[{"taxonomy":"product_brand","embeddable":true,"href":"https:\/\/mb.moldbrothers.com\/fr\/wp-json\/wp\/v2\/product_brand?post=169823"},{"taxonomy":"product_cat","embeddable":true,"href":"https:\/\/mb.moldbrothers.com\/fr\/wp-json\/wp\/v2\/product_cat?post=169823"},{"taxonomy":"product_tag","embeddable":true,"href":"https:\/\/mb.moldbrothers.com\/fr\/wp-json\/wp\/v2\/product_tag?post=169823"}],"curies":[{"name":"wp","href":"https:\/\/api.w.org\/{rel}","templated":true}]}}