{"id":178427,"date":"2024-05-25T11:20:00","date_gmt":"2024-05-25T09:20:00","guid":{"rendered":"https:\/\/shop.moldbrothers.com\/?post_type=product&#038;p=178427"},"modified":"2025-12-05T09:48:37","modified_gmt":"2025-12-05T08:48:37","slug":"animal-collection-molds","status":"publish","type":"product","link":"https:\/\/mb.moldbrothers.com\/fr\/produit\/animal-collection-molds\/","title":{"rendered":"Collection d'animaux Molds"},"content":{"rendered":"","protected":false},"excerpt":{"rendered":"<p>Un moule en silicone de haute qualit\u00e9 en forme de vache, de cochon, d'agneau ou de poulet. Chaque moule comporte les 8 formes et est fabriqu\u00e9 en silicone alimentaire 100%.<\/p>\n<p>Ces moules peuvent r\u00e9sister \u00e0 des temp\u00e9ratures allant de -40\u00b0C \u00e0 +200\u00b0C, ce qui permet de les utiliser aussi bien dans les cong\u00e9lateurs (chocs) que dans les fours.<\/p>","protected":false},"featured_media":178461,"template":"","meta":{"_seopress_robots_primary_cat":"none","_seopress_titles_title":"","_seopress_titles_desc":"","_seopress_robots_index":""},"product_brand":[],"product_cat":[228,203,184],"product_tag":[1039,1042,1038,1037,1040,1041],"class_list":{"0":"post-178427","1":"product","2":"type-product","3":"status-publish","4":"has-post-thumbnail","6":"product_cat-2dmolds","7":"product_cat-graphic","8":"product_cat-highlighted-products","9":"product_tag-animal","10":"product_tag-farm","11":"product_tag-livar","12":"product_tag-pig","13":"product_tag-porc","14":"product_tag-schwein","16":"first","17":"instock","18":"taxable","19":"shipping-taxable","20":"product-type-grouped"},"_links":{"self":[{"href":"https:\/\/mb.moldbrothers.com\/fr\/wp-json\/wp\/v2\/product\/178427"}],"collection":[{"href":"https:\/\/mb.moldbrothers.com\/fr\/wp-json\/wp\/v2\/product"}],"about":[{"href":"https:\/\/mb.moldbrothers.com\/fr\/wp-json\/wp\/v2\/types\/product"}],"wp:featuredmedia":[{"embeddable":true,"href":"https:\/\/mb.moldbrothers.com\/fr\/wp-json\/wp\/v2\/media\/178461"}],"wp:attachment":[{"href":"https:\/\/mb.moldbrothers.com\/fr\/wp-json\/wp\/v2\/media?parent=178427"}],"wp:term":[{"taxonomy":"product_brand","embeddable":true,"href":"https:\/\/mb.moldbrothers.com\/fr\/wp-json\/wp\/v2\/product_brand?post=178427"},{"taxonomy":"product_cat","embeddable":true,"href":"https:\/\/mb.moldbrothers.com\/fr\/wp-json\/wp\/v2\/product_cat?post=178427"},{"taxonomy":"product_tag","embeddable":true,"href":"https:\/\/mb.moldbrothers.com\/fr\/wp-json\/wp\/v2\/product_tag?post=178427"}],"curies":[{"name":"wp","href":"https:\/\/api.w.org\/{rel}","templated":true}]}}