{"id":179030,"date":"2025-03-01T12:34:00","date_gmt":"2025-03-01T11:34:00","guid":{"rendered":"https:\/\/shop.moldbrothers.com\/?post_type=product&#038;p=179030"},"modified":"2025-12-05T09:15:37","modified_gmt":"2025-12-05T08:15:37","slug":"rolling-cylinders","status":"publish","type":"product","link":"https:\/\/mb.moldbrothers.com\/fr\/produit\/rolling-cylinders\/","title":{"rendered":"Cylindres roulants"},"content":{"rendered":"","protected":false},"excerpt":{"rendered":"<p>Cylindre \u00e0 roulettes en acier inoxydable de haute qualit\u00e9. Ces cylindres sont disponibles en plusieurs tailles : 1,8, 2,8 et 3,8 cm de diam\u00e8tre ! Fabriqu\u00e9 aux Pays-Bas, ce produit peut entrer en contact avec des aliments et r\u00e9sister \u00e0 des temp\u00e9ratures basses et extr\u00eamement \u00e9lev\u00e9es, ce qui permet de l'utiliser au four ou \u00e0 la po\u00eale, si n\u00e9cessaire.<\/p>","protected":false},"featured_media":179040,"template":"","meta":{"_seopress_robots_primary_cat":"none","_seopress_titles_title":"","_seopress_titles_desc":"","_seopress_robots_index":""},"product_brand":[],"product_cat":[192],"product_tag":[],"class_list":{"0":"post-179030","1":"product","2":"type-product","3":"status-publish","4":"has-post-thumbnail","6":"product_cat-kitchen-essentials","8":"first","9":"instock","10":"taxable","11":"shipping-taxable","12":"product-type-grouped"},"_links":{"self":[{"href":"https:\/\/mb.moldbrothers.com\/fr\/wp-json\/wp\/v2\/product\/179030"}],"collection":[{"href":"https:\/\/mb.moldbrothers.com\/fr\/wp-json\/wp\/v2\/product"}],"about":[{"href":"https:\/\/mb.moldbrothers.com\/fr\/wp-json\/wp\/v2\/types\/product"}],"wp:featuredmedia":[{"embeddable":true,"href":"https:\/\/mb.moldbrothers.com\/fr\/wp-json\/wp\/v2\/media\/179040"}],"wp:attachment":[{"href":"https:\/\/mb.moldbrothers.com\/fr\/wp-json\/wp\/v2\/media?parent=179030"}],"wp:term":[{"taxonomy":"product_brand","embeddable":true,"href":"https:\/\/mb.moldbrothers.com\/fr\/wp-json\/wp\/v2\/product_brand?post=179030"},{"taxonomy":"product_cat","embeddable":true,"href":"https:\/\/mb.moldbrothers.com\/fr\/wp-json\/wp\/v2\/product_cat?post=179030"},{"taxonomy":"product_tag","embeddable":true,"href":"https:\/\/mb.moldbrothers.com\/fr\/wp-json\/wp\/v2\/product_tag?post=179030"}],"curies":[{"name":"wp","href":"https:\/\/api.w.org\/{rel}","templated":true}]}}