{"id":179516,"date":"2025-01-30T11:55:00","date_gmt":"2025-01-30T10:55:00","guid":{"rendered":"https:\/\/shop.moldbrothers.com\/?post_type=product&#038;p=179516"},"modified":"2025-12-05T09:33:15","modified_gmt":"2025-12-05T08:33:15","slug":"straight-ring-mold","status":"publish","type":"product","link":"https:\/\/mb.moldbrothers.com\/fr\/produit\/straight-ring-mold\/","title":{"rendered":"Anneau droit Mold"},"content":{"rendered":"","protected":false},"excerpt":{"rendered":"<p>Ce moule en silicone de haute qualit\u00e9 a la forme d'un anneau plat et droit et comprend quatre cavit\u00e9s - parfait pour des pr\u00e9sentations nettes et modernes. Fabriqu\u00e9 en silicone alimentaire 100%, il r\u00e9siste \u00e0 des temp\u00e9ratures allant de -40\u00b0C \u00e0 +200\u00b0C, ce qui permet de l'utiliser aussi bien au cong\u00e9lateur (choc) qu'au four.<\/p>","protected":false},"featured_media":179409,"template":"","meta":{"_seopress_robots_primary_cat":"none","_seopress_titles_title":"","_seopress_titles_desc":"","_seopress_robots_index":""},"product_brand":[],"product_cat":[159,193,184],"product_tag":[],"class_list":{"0":"post-179516","1":"product","2":"type-product","3":"status-publish","4":"has-post-thumbnail","6":"product_cat-3dmolds","7":"product_cat-essentials","8":"product_cat-highlighted-products","10":"first","11":"instock","12":"taxable","13":"shipping-taxable","14":"purchasable","15":"product-type-simple"},"_links":{"self":[{"href":"https:\/\/mb.moldbrothers.com\/fr\/wp-json\/wp\/v2\/product\/179516"}],"collection":[{"href":"https:\/\/mb.moldbrothers.com\/fr\/wp-json\/wp\/v2\/product"}],"about":[{"href":"https:\/\/mb.moldbrothers.com\/fr\/wp-json\/wp\/v2\/types\/product"}],"wp:featuredmedia":[{"embeddable":true,"href":"https:\/\/mb.moldbrothers.com\/fr\/wp-json\/wp\/v2\/media\/179409"}],"wp:attachment":[{"href":"https:\/\/mb.moldbrothers.com\/fr\/wp-json\/wp\/v2\/media?parent=179516"}],"wp:term":[{"taxonomy":"product_brand","embeddable":true,"href":"https:\/\/mb.moldbrothers.com\/fr\/wp-json\/wp\/v2\/product_brand?post=179516"},{"taxonomy":"product_cat","embeddable":true,"href":"https:\/\/mb.moldbrothers.com\/fr\/wp-json\/wp\/v2\/product_cat?post=179516"},{"taxonomy":"product_tag","embeddable":true,"href":"https:\/\/mb.moldbrothers.com\/fr\/wp-json\/wp\/v2\/product_tag?post=179516"}],"curies":[{"name":"wp","href":"https:\/\/api.w.org\/{rel}","templated":true}]}}