{"id":179546,"date":"2024-07-31T11:52:00","date_gmt":"2024-07-31T09:52:00","guid":{"rendered":"https:\/\/shop.moldbrothers.com\/?post_type=product&#038;p=179546"},"modified":"2025-12-05T09:46:02","modified_gmt":"2025-12-05T08:46:02","slug":"1-2-circle-stencil","status":"publish","type":"product","link":"https:\/\/mb.moldbrothers.com\/fr\/produit\/1-2-circle-stencil\/","title":{"rendered":"Pochoir 1\/2 cercle"},"content":{"rendered":"","protected":false},"excerpt":{"rendered":"<p>Ce pochoir comporte 23 formes en demi-cercle et est fabriqu\u00e9 en acrylique d'une \u00e9paisseur de 1 mm. Il est parfait pour ajouter un \u00e9l\u00e9ment croustillant suppl\u00e9mentaire \u00e0 votre plat.<\/p>\n<p>Juste une petite mise en garde : il ne passe pas au lave-vaisselle et ne peut pas \u00eatre utilis\u00e9 pour le nettoyage. <strong>ne devrait pas<\/strong> dans le four. Nous vous recommandons de le rincer \u00e0 l'eau ti\u00e8de (environ 40\u00b0C) et de renoncer aux produits de nettoyage pour le maintenir en parfait \u00e9tat.<\/p>","protected":false},"featured_media":179399,"template":"","meta":{"_seopress_robots_primary_cat":"none","_seopress_titles_title":"","_seopress_titles_desc":"","_seopress_robots_index":""},"product_brand":[],"product_cat":[170,198,184],"product_tag":[],"class_list":{"0":"post-179546","1":"product","2":"type-product","3":"status-publish","4":"has-post-thumbnail","6":"product_cat-stencils","7":"product_cat-a3-stencils","8":"product_cat-highlighted-products","10":"first","11":"instock","12":"taxable","13":"shipping-taxable","14":"purchasable","15":"product-type-simple"},"_links":{"self":[{"href":"https:\/\/mb.moldbrothers.com\/fr\/wp-json\/wp\/v2\/product\/179546"}],"collection":[{"href":"https:\/\/mb.moldbrothers.com\/fr\/wp-json\/wp\/v2\/product"}],"about":[{"href":"https:\/\/mb.moldbrothers.com\/fr\/wp-json\/wp\/v2\/types\/product"}],"wp:featuredmedia":[{"embeddable":true,"href":"https:\/\/mb.moldbrothers.com\/fr\/wp-json\/wp\/v2\/media\/179399"}],"wp:attachment":[{"href":"https:\/\/mb.moldbrothers.com\/fr\/wp-json\/wp\/v2\/media?parent=179546"}],"wp:term":[{"taxonomy":"product_brand","embeddable":true,"href":"https:\/\/mb.moldbrothers.com\/fr\/wp-json\/wp\/v2\/product_brand?post=179546"},{"taxonomy":"product_cat","embeddable":true,"href":"https:\/\/mb.moldbrothers.com\/fr\/wp-json\/wp\/v2\/product_cat?post=179546"},{"taxonomy":"product_tag","embeddable":true,"href":"https:\/\/mb.moldbrothers.com\/fr\/wp-json\/wp\/v2\/product_tag?post=179546"}],"curies":[{"name":"wp","href":"https:\/\/api.w.org\/{rel}","templated":true}]}}